{"id":1074,"date":"2021-12-11T19:49:55","date_gmt":"2021-12-11T19:49:55","guid":{"rendered":"https:\/\/www.aaadarters.ch\/?page_id=1074"},"modified":"2025-06-10T18:55:53","modified_gmt":"2025-06-10T18:55:53","slug":"impressum-2","status":"publish","type":"page","link":"https:\/\/www.aaadarters.ch\/index.php\/impressum-2\/","title":{"rendered":"Impressum"},"content":{"rendered":"\t\t<div data-elementor-type=\"wp-page\" data-elementor-id=\"1074\" class=\"elementor elementor-1074\">\n\t\t\t\t\t\t<section class=\"elementor-section elementor-top-section elementor-element elementor-element-512bb00 elementor-section-boxed elementor-section-height-default elementor-section-height-default\" data-id=\"512bb00\" data-element_type=\"section\" data-e-type=\"section\">\n\t\t\t\t\t\t<div class=\"elementor-container elementor-column-gap-default\">\n\t\t\t\t\t<div class=\"elementor-column elementor-col-100 elementor-top-column elementor-element elementor-element-0ee35eb\" data-id=\"0ee35eb\" data-element_type=\"column\" data-e-type=\"column\">\n\t\t\t<div class=\"elementor-widget-wrap elementor-element-populated\">\n\t\t\t\t\t\t<div class=\"elementor-element elementor-element-8b483ba elementor-widget elementor-widget-text-editor\" data-id=\"8b483ba\" data-element_type=\"widget\" data-e-type=\"widget\" data-widget_type=\"text-editor.default\">\n\t\t\t\t<div class=\"elementor-widget-container\">\n\t\t\t\t\t\t\t\t\t<p><strong>Post-Anschrift des Clubs:<\/strong><\/p>\n<p>Triple-A Darters<br>c\/o Christian Stamm<br>Im Winkel 13f<br>8910 Affoltern a.A.<\/p>\n<p>Email: <a href=\"mailto:info@aaadarters.ch\">info@aaadarters.ch<\/a><\/p>\n<h4><strong>Verantwortlich f\u00fcr den Inhalt dieser Seiten:<\/strong><\/h4>\n<p>Patrick B\u00fcschi<br>Breitenstrasse 27<br>8910 Affoltern a.A.<\/p>\n<p>Email: <a href=\"mailto:webmaster@aaadarters.ch\">webmaster@aaadarters.ch<\/a><\/p>\n<h4><strong>Haftungshinweis:<\/strong><\/h4>\n<p>Trotz sorgf\u00e4ltiger inhaltlicher Kontrolle \u00fcbernehmen wir keine Haftung f\u00fcr die Inhalte externer Links.<br>F\u00fcr den Inhalt der verlinkten Seiten sind ausschlie\u00dflich deren Betreiber verantwortlich.<br>Rechtshinweis Alle Angaben und Informationen, die in unseren Internetseiten enthalten sind, wurden von uns so sorgf\u00e4ltig wie m\u00f6glich recherchiert und gepr\u00fcft.<br>Alle Informationen dienen ausschlie\u00dflich zur Information der Besucher unserer Webseiten.<\/p>\n<p>F\u00fcr Internetseiten dritter, auf die diese Seite durch Hyperlinks verweist, tragen die jeweiligen Anbieter die volle Verantwortung.<\/p>\n<p>Alle Texte, Bilder, Graphiken, Ton-, Video- und Animationsdateien sowie ihre Arrangements unterliegen dem Urheberrecht und anderen Gesetzen zum Schutz geistigen Eigentums.<br>Sie d\u00fcrfen weder f\u00fcr Handelszwecke oder zur Weitergabe kopiert, noch ver\u00e4ndert und auf anderen Web-Sites verwendet werden. Einige unserer Internet-Seiten enthalten auch Bilder, die dem Urheberrecht derjenigen unterliegen, die diese zur Verf\u00fcgung gestellt haben.<\/p>\n<p>S\u00e4mtliche Vervielf\u00e4ltigungen, Verbreitung oder sonstige Benutzung des Inhalts der einzelnen Seiten oder der gesamten Homepage bedarf der Zustimmung des Dartclubs Triple-A Darters.<\/p>\n<p>Jede weitere kommerzielle Nutzung ist untersagt.<\/p>\n<h4><strong>Bilder<\/strong><\/h4>\n<p>Bilder die Sie hier finden geh\u00f6ren den Verfassern. Alle Rechte liegen bei diesen und eine Weiterverwendung bedarf ihrer Zustimmung.<\/p>\n<p>Dieses Impressum basiert auf jenem der <a href=\"https:\/\/www.dlrz.ch\/\" target=\"_blank\" rel=\"noopener\">DLRZ<\/a>, wof\u00fcr wir herzlich danken.<\/p>\t\t\t\t\t\t\t\t<\/div>\n\t\t\t\t<\/div>\n\t\t\t\t\t<\/div>\n\t\t<\/div>\n\t\t\t\t\t<\/div>\n\t\t<\/section>\n\t\t\t\t<\/div>\n\t\t","protected":false},"excerpt":{"rendered":"<p>Post-Anschrift des Clubs: Triple-A Dartersc\/o Christian StammIm Winkel 13f8910 Affoltern a.A. Email: info@aaadarters.ch Verantwortlich f\u00fcr den Inhalt dieser Seiten: Patrick B\u00fcschiBreitenstrasse 278910 Affoltern a.A. Email: webmaster@aaadarters.ch Haftungshinweis: Trotz sorgf\u00e4ltiger inhaltlicher Kontrolle \u00fcbernehmen wir keine Haftung f\u00fcr die Inhalte externer Links.F\u00fcr den Inhalt der verlinkten Seiten sind ausschlie\u00dflich deren Betreiber verantwortlich.Rechtshinweis Alle Angaben und Informationen, die [&hellip;]<\/p>\n","protected":false},"author":58,"featured_media":0,"parent":0,"menu_order":0,"comment_status":"closed","ping_status":"closed","template":"","meta":{"footnotes":""},"class_list":["post-1074","page","type-page","status-publish","hentry"],"blocksy_meta":{"styles_descriptor":{"styles":{"desktop":"","tablet":"","mobile":""},"google_fonts":[],"version":6}},"yoast_head":"<!-- This site is optimized with the Yoast SEO plugin v27.4 - https:\/\/yoast.com\/product\/yoast-seo-wordpress\/ -->\n<title>Impressum - Triple-A Darters<\/title>\n<meta name=\"robots\" content=\"index, follow, max-snippet:-1, max-image-preview:large, max-video-preview:-1\" \/>\n<link rel=\"canonical\" href=\"https:\/\/www.aaadarters.ch\/index.php\/impressum-2\/\" \/>\n<meta property=\"og:locale\" content=\"de_DE\" \/>\n<meta property=\"og:type\" content=\"article\" \/>\n<meta property=\"og:title\" content=\"Impressum - Triple-A Darters\" \/>\n<meta property=\"og:description\" content=\"Post-Anschrift des Clubs: Triple-A Dartersc\/o Christian StammIm Winkel 13f8910 Affoltern a.A. Email: info@aaadarters.ch Verantwortlich f\u00fcr den Inhalt dieser Seiten: Patrick B\u00fcschiBreitenstrasse 278910 Affoltern a.A. Email: webmaster@aaadarters.ch Haftungshinweis: Trotz sorgf\u00e4ltiger inhaltlicher Kontrolle \u00fcbernehmen wir keine Haftung f\u00fcr die Inhalte externer Links.F\u00fcr den Inhalt der verlinkten Seiten sind ausschlie\u00dflich deren Betreiber verantwortlich.Rechtshinweis Alle Angaben und Informationen, die [&hellip;]\" \/>\n<meta property=\"og:url\" content=\"https:\/\/www.aaadarters.ch\/index.php\/impressum-2\/\" \/>\n<meta property=\"og:site_name\" content=\"Triple-A Darters\" \/>\n<meta property=\"article:modified_time\" content=\"2025-06-10T18:55:53+00:00\" \/>\n<meta name=\"twitter:card\" content=\"summary_large_image\" \/>\n<meta name=\"twitter:label1\" content=\"Gesch\u00e4tzte Lesezeit\" \/>\n\t<meta name=\"twitter:data1\" content=\"2\u00a0Minuten\" \/>\n<script type=\"application\/ld+json\" class=\"yoast-schema-graph\">{\"@context\":\"https:\\\/\\\/schema.org\",\"@graph\":[{\"@type\":\"WebPage\",\"@id\":\"https:\\\/\\\/www.aaadarters.ch\\\/index.php\\\/impressum-2\\\/\",\"url\":\"https:\\\/\\\/www.aaadarters.ch\\\/index.php\\\/impressum-2\\\/\",\"name\":\"Impressum - Triple-A Darters\",\"isPartOf\":{\"@id\":\"https:\\\/\\\/www.aaadarters.ch\\\/#website\"},\"datePublished\":\"2021-12-11T19:49:55+00:00\",\"dateModified\":\"2025-06-10T18:55:53+00:00\",\"breadcrumb\":{\"@id\":\"https:\\\/\\\/www.aaadarters.ch\\\/index.php\\\/impressum-2\\\/#breadcrumb\"},\"inLanguage\":\"de\",\"potentialAction\":[{\"@type\":\"ReadAction\",\"target\":[\"https:\\\/\\\/www.aaadarters.ch\\\/index.php\\\/impressum-2\\\/\"]}]},{\"@type\":\"BreadcrumbList\",\"@id\":\"https:\\\/\\\/www.aaadarters.ch\\\/index.php\\\/impressum-2\\\/#breadcrumb\",\"itemListElement\":[{\"@type\":\"ListItem\",\"position\":1,\"name\":\"Startseite\",\"item\":\"https:\\\/\\\/www.aaadarters.ch\\\/\"},{\"@type\":\"ListItem\",\"position\":2,\"name\":\"Impressum\"}]},{\"@type\":\"WebSite\",\"@id\":\"https:\\\/\\\/www.aaadarters.ch\\\/#website\",\"url\":\"https:\\\/\\\/www.aaadarters.ch\\\/\",\"name\":\"Triple-A Darters\",\"description\":\"Alles \u00fcber unseren Steeldarts-Club\",\"publisher\":{\"@id\":\"https:\\\/\\\/www.aaadarters.ch\\\/#organization\"},\"potentialAction\":[{\"@type\":\"SearchAction\",\"target\":{\"@type\":\"EntryPoint\",\"urlTemplate\":\"https:\\\/\\\/www.aaadarters.ch\\\/?s={search_term_string}\"},\"query-input\":{\"@type\":\"PropertyValueSpecification\",\"valueRequired\":true,\"valueName\":\"search_term_string\"}}],\"inLanguage\":\"de\"},{\"@type\":\"Organization\",\"@id\":\"https:\\\/\\\/www.aaadarters.ch\\\/#organization\",\"name\":\"Dartsclub Triple-A Darters Affoltern am Albis\",\"url\":\"https:\\\/\\\/www.aaadarters.ch\\\/\",\"logo\":{\"@type\":\"ImageObject\",\"inLanguage\":\"de\",\"@id\":\"https:\\\/\\\/www.aaadarters.ch\\\/#\\\/schema\\\/logo\\\/image\\\/\",\"url\":\"https:\\\/\\\/www.aaadarters.ch\\\/wp-content\\\/uploads\\\/2025\\\/11\\\/Logo_AAADarters_kreis_transp.png\",\"contentUrl\":\"https:\\\/\\\/www.aaadarters.ch\\\/wp-content\\\/uploads\\\/2025\\\/11\\\/Logo_AAADarters_kreis_transp.png\",\"width\":613,\"height\":612,\"caption\":\"Dartsclub Triple-A Darters Affoltern am Albis\"},\"image\":{\"@id\":\"https:\\\/\\\/www.aaadarters.ch\\\/#\\\/schema\\\/logo\\\/image\\\/\"}}]}<\/script>\n<!-- \/ Yoast SEO plugin. -->","yoast_head_json":{"title":"Impressum - Triple-A Darters","robots":{"index":"index","follow":"follow","max-snippet":"max-snippet:-1","max-image-preview":"max-image-preview:large","max-video-preview":"max-video-preview:-1"},"canonical":"https:\/\/www.aaadarters.ch\/index.php\/impressum-2\/","og_locale":"de_DE","og_type":"article","og_title":"Impressum - Triple-A Darters","og_description":"Post-Anschrift des Clubs: Triple-A Dartersc\/o Christian StammIm Winkel 13f8910 Affoltern a.A. Email: info@aaadarters.ch Verantwortlich f\u00fcr den Inhalt dieser Seiten: Patrick B\u00fcschiBreitenstrasse 278910 Affoltern a.A. Email: webmaster@aaadarters.ch Haftungshinweis: Trotz sorgf\u00e4ltiger inhaltlicher Kontrolle \u00fcbernehmen wir keine Haftung f\u00fcr die Inhalte externer Links.F\u00fcr den Inhalt der verlinkten Seiten sind ausschlie\u00dflich deren Betreiber verantwortlich.Rechtshinweis Alle Angaben und Informationen, die [&hellip;]","og_url":"https:\/\/www.aaadarters.ch\/index.php\/impressum-2\/","og_site_name":"Triple-A Darters","article_modified_time":"2025-06-10T18:55:53+00:00","twitter_card":"summary_large_image","twitter_misc":{"Gesch\u00e4tzte Lesezeit":"2\u00a0Minuten"},"schema":{"@context":"https:\/\/schema.org","@graph":[{"@type":"WebPage","@id":"https:\/\/www.aaadarters.ch\/index.php\/impressum-2\/","url":"https:\/\/www.aaadarters.ch\/index.php\/impressum-2\/","name":"Impressum - Triple-A Darters","isPartOf":{"@id":"https:\/\/www.aaadarters.ch\/#website"},"datePublished":"2021-12-11T19:49:55+00:00","dateModified":"2025-06-10T18:55:53+00:00","breadcrumb":{"@id":"https:\/\/www.aaadarters.ch\/index.php\/impressum-2\/#breadcrumb"},"inLanguage":"de","potentialAction":[{"@type":"ReadAction","target":["https:\/\/www.aaadarters.ch\/index.php\/impressum-2\/"]}]},{"@type":"BreadcrumbList","@id":"https:\/\/www.aaadarters.ch\/index.php\/impressum-2\/#breadcrumb","itemListElement":[{"@type":"ListItem","position":1,"name":"Startseite","item":"https:\/\/www.aaadarters.ch\/"},{"@type":"ListItem","position":2,"name":"Impressum"}]},{"@type":"WebSite","@id":"https:\/\/www.aaadarters.ch\/#website","url":"https:\/\/www.aaadarters.ch\/","name":"Triple-A Darters","description":"Alles \u00fcber unseren Steeldarts-Club","publisher":{"@id":"https:\/\/www.aaadarters.ch\/#organization"},"potentialAction":[{"@type":"SearchAction","target":{"@type":"EntryPoint","urlTemplate":"https:\/\/www.aaadarters.ch\/?s={search_term_string}"},"query-input":{"@type":"PropertyValueSpecification","valueRequired":true,"valueName":"search_term_string"}}],"inLanguage":"de"},{"@type":"Organization","@id":"https:\/\/www.aaadarters.ch\/#organization","name":"Dartsclub Triple-A Darters Affoltern am Albis","url":"https:\/\/www.aaadarters.ch\/","logo":{"@type":"ImageObject","inLanguage":"de","@id":"https:\/\/www.aaadarters.ch\/#\/schema\/logo\/image\/","url":"https:\/\/www.aaadarters.ch\/wp-content\/uploads\/2025\/11\/Logo_AAADarters_kreis_transp.png","contentUrl":"https:\/\/www.aaadarters.ch\/wp-content\/uploads\/2025\/11\/Logo_AAADarters_kreis_transp.png","width":613,"height":612,"caption":"Dartsclub Triple-A Darters Affoltern am Albis"},"image":{"@id":"https:\/\/www.aaadarters.ch\/#\/schema\/logo\/image\/"}}]}},"_links":{"self":[{"href":"https:\/\/www.aaadarters.ch\/index.php\/wp-json\/wp\/v2\/pages\/1074","targetHints":{"allow":["GET"]}}],"collection":[{"href":"https:\/\/www.aaadarters.ch\/index.php\/wp-json\/wp\/v2\/pages"}],"about":[{"href":"https:\/\/www.aaadarters.ch\/index.php\/wp-json\/wp\/v2\/types\/page"}],"author":[{"embeddable":true,"href":"https:\/\/www.aaadarters.ch\/index.php\/wp-json\/wp\/v2\/users\/58"}],"replies":[{"embeddable":true,"href":"https:\/\/www.aaadarters.ch\/index.php\/wp-json\/wp\/v2\/comments?post=1074"}],"version-history":[{"count":14,"href":"https:\/\/www.aaadarters.ch\/index.php\/wp-json\/wp\/v2\/pages\/1074\/revisions"}],"predecessor-version":[{"id":4770,"href":"https:\/\/www.aaadarters.ch\/index.php\/wp-json\/wp\/v2\/pages\/1074\/revisions\/4770"}],"wp:attachment":[{"href":"https:\/\/www.aaadarters.ch\/index.php\/wp-json\/wp\/v2\/media?parent=1074"}],"curies":[{"name":"wp","href":"https:\/\/api.w.org\/{rel}","templated":true}]}}