{"id":121,"date":"2021-09-17T23:38:21","date_gmt":"2021-09-17T23:38:21","guid":{"rendered":"https:\/\/www.aaadarters.ch\/?page_id=121"},"modified":"2023-04-18T22:56:19","modified_gmt":"2023-04-18T22:56:19","slug":"bilder","status":"publish","type":"page","link":"https:\/\/www.aaadarters.ch\/index.php\/bilder\/","title":{"rendered":"Bilder"},"content":{"rendered":"\t\t<div data-elementor-type=\"wp-page\" data-elementor-id=\"121\" class=\"elementor elementor-121\">\n\t\t\t\t\t\t<section class=\"elementor-section elementor-top-section elementor-element elementor-element-06d0519 elementor-section-boxed elementor-section-height-default elementor-section-height-default\" data-id=\"06d0519\" data-element_type=\"section\" data-e-type=\"section\">\n\t\t\t\t\t\t<div class=\"elementor-container elementor-column-gap-default\">\n\t\t\t\t\t<div class=\"elementor-column elementor-col-100 elementor-top-column elementor-element elementor-element-9031a05\" data-id=\"9031a05\" data-element_type=\"column\" data-e-type=\"column\">\n\t\t\t<div class=\"elementor-widget-wrap elementor-element-populated\">\n\t\t\t\t\t\t<div class=\"elementor-element elementor-element-40af8e2 elementor-widget elementor-widget-image-gallery\" data-id=\"40af8e2\" data-element_type=\"widget\" data-e-type=\"widget\" data-widget_type=\"image-gallery.default\">\n\t\t\t\t<div class=\"elementor-widget-container\">\n\t\t\t\t\t\t\t<div class=\"elementor-image-gallery\">\n\t\t\t<div id='gallery-1' class='gallery galleryid-121 gallery-columns-2 gallery-size-thumbnail'><figure class='gallery-item'>\n\t\t\t<div class='gallery-icon landscape'>\n\t\t\t\t<a data-elementor-open-lightbox=\"yes\" data-elementor-lightbox-slideshow=\"40af8e2\" data-elementor-lightbox-title=\"Mitglieder mit Shirts GV 2023 von vorne\" data-e-action-hash=\"#elementor-action%3Aaction%3Dlightbox%26settings%3DeyJpZCI6MzA2MiwidXJsIjoiaHR0cHM6XC9cL3d3dy5hYWFkYXJ0ZXJzLmNoXC93cC1jb250ZW50XC91cGxvYWRzXC8yMDIzXC8wNFwvTWl0Z2xpZWRlci1taXQtU2hpcnRzLUdWLTIwMjMtdm9uLXZvcm5lLmpwZyIsInNsaWRlc2hvdyI6IjQwYWY4ZTIifQ%3D%3D\" href='https:\/\/www.aaadarters.ch\/wp-content\/uploads\/2023\/04\/Mitglieder-mit-Shirts-GV-2023-von-vorne.jpg'><img decoding=\"async\" width=\"150\" height=\"150\" src=\"https:\/\/www.aaadarters.ch\/wp-content\/uploads\/2023\/04\/Mitglieder-mit-Shirts-GV-2023-von-vorne-150x150.jpg\" class=\"attachment-thumbnail size-thumbnail\" alt=\"\" aria-describedby=\"gallery-1-3062\" \/><\/a>\n\t\t\t<\/div>\n\t\t\t\t<figcaption class='wp-caption-text gallery-caption' id='gallery-1-3062'>\n\t\t\t\tAktivmitglieder und Schnupperer gr\u00fcssen von der GV 2023\n\t\t\t\t<\/figcaption><\/figure><figure class='gallery-item'>\n\t\t\t<div class='gallery-icon landscape'>\n\t\t\t\t<a data-elementor-open-lightbox=\"yes\" data-elementor-lightbox-slideshow=\"40af8e2\" data-elementor-lightbox-title=\"Mitglieder mit Shirts GV 2023 von hinten\" data-e-action-hash=\"#elementor-action%3Aaction%3Dlightbox%26settings%3DeyJpZCI6MzA2MywidXJsIjoiaHR0cHM6XC9cL3d3dy5hYWFkYXJ0ZXJzLmNoXC93cC1jb250ZW50XC91cGxvYWRzXC8yMDIzXC8wNFwvTWl0Z2xpZWRlci1taXQtU2hpcnRzLUdWLTIwMjMtdm9uLWhpbnRlbi5qcGciLCJzbGlkZXNob3ciOiI0MGFmOGUyIn0%3D\" href='https:\/\/www.aaadarters.ch\/wp-content\/uploads\/2023\/04\/Mitglieder-mit-Shirts-GV-2023-von-hinten.jpg'><img decoding=\"async\" width=\"150\" height=\"150\" src=\"https:\/\/www.aaadarters.ch\/wp-content\/uploads\/2023\/04\/Mitglieder-mit-Shirts-GV-2023-von-hinten-150x150.jpg\" class=\"attachment-thumbnail size-thumbnail\" alt=\"\" aria-describedby=\"gallery-1-3063\" \/><\/a>\n\t\t\t<\/div>\n\t\t\t\t<figcaption class='wp-caption-text gallery-caption' id='gallery-1-3063'>\n\t\t\t\tAuch ein sch\u00f6ner R\u00fccken kann entz\u00fccken &#8211; das Club-Shirt sieht einfach toll aus\n\t\t\t\t<\/figcaption><\/figure>\n\t\t<\/div>\n\t\t<\/div>\n\t\t\t\t\t\t<\/div>\n\t\t\t\t<\/div>\n\t\t\t\t\t<\/div>\n\t\t<\/div>\n\t\t\t\t\t<\/div>\n\t\t<\/section>\n\t\t\t\t<section class=\"elementor-section elementor-top-section elementor-element elementor-element-dad71dc elementor-section-boxed elementor-section-height-default elementor-section-height-default\" data-id=\"dad71dc\" data-element_type=\"section\" data-e-type=\"section\">\n\t\t\t\t\t\t<div class=\"elementor-container elementor-column-gap-default\">\n\t\t\t\t\t<div class=\"elementor-column elementor-col-100 elementor-top-column elementor-element elementor-element-74e7f47\" data-id=\"74e7f47\" data-element_type=\"column\" data-e-type=\"column\">\n\t\t\t<div class=\"elementor-widget-wrap elementor-element-populated\">\n\t\t\t\t\t\t<div class=\"elementor-element elementor-element-a85aea0 elementor-widget elementor-widget-image-gallery\" data-id=\"a85aea0\" data-element_type=\"widget\" data-e-type=\"widget\" data-widget_type=\"image-gallery.default\">\n\t\t\t\t<div class=\"elementor-widget-container\">\n\t\t\t\t\t\t\t<div class=\"elementor-image-gallery\">\n\t\t\t<div id='gallery-2' class='gallery galleryid-121 gallery-columns-4 gallery-size-large'><figure class='gallery-item'>\n\t\t\t<div class='gallery-icon landscape'>\n\t\t\t\t<a data-elementor-open-lightbox=\"yes\" data-elementor-lightbox-slideshow=\"a85aea0\" data-elementor-lightbox-title=\"20210906_Break_Affoltern\" data-e-action-hash=\"#elementor-action%3Aaction%3Dlightbox%26settings%3DeyJpZCI6MTIwLCJ1cmwiOiJodHRwczpcL1wvd3d3LmFhYWRhcnRlcnMuY2hcL3dwLWNvbnRlbnRcL3VwbG9hZHNcLzIwMjFcLzA5XC8yMDIxMDkwNl9CcmVha19BZmZvbHRlcm4uanBlZyIsInNsaWRlc2hvdyI6ImE4NWFlYTAifQ%3D%3D\" href='https:\/\/www.aaadarters.ch\/wp-content\/uploads\/2021\/09\/20210906_Break_Affoltern.jpeg'><img fetchpriority=\"high\" decoding=\"async\" width=\"1024\" height=\"768\" src=\"https:\/\/www.aaadarters.ch\/wp-content\/uploads\/2021\/09\/20210906_Break_Affoltern-1024x768.jpeg\" class=\"attachment-large size-large\" alt=\"\" aria-describedby=\"gallery-2-120\" srcset=\"https:\/\/www.aaadarters.ch\/wp-content\/uploads\/2021\/09\/20210906_Break_Affoltern-1024x768.jpeg 1024w, https:\/\/www.aaadarters.ch\/wp-content\/uploads\/2021\/09\/20210906_Break_Affoltern-300x225.jpeg 300w, https:\/\/www.aaadarters.ch\/wp-content\/uploads\/2021\/09\/20210906_Break_Affoltern-768x576.jpeg 768w, https:\/\/www.aaadarters.ch\/wp-content\/uploads\/2021\/09\/20210906_Break_Affoltern-1536x1152.jpeg 1536w, https:\/\/www.aaadarters.ch\/wp-content\/uploads\/2021\/09\/20210906_Break_Affoltern.jpeg 2048w\" sizes=\"(max-width: 1024px) 100vw, 1024px\" \/><\/a>\n\t\t\t<\/div>\n\t\t\t\t<figcaption class='wp-caption-text gallery-caption' id='gallery-2-120'>\n\t\t\t\tunsere Heimbasis\n\t\t\t\t<\/figcaption><\/figure><figure class='gallery-item'>\n\t\t\t<div class='gallery-icon landscape'>\n\t\t\t\t<a data-elementor-open-lightbox=\"yes\" data-elementor-lightbox-slideshow=\"a85aea0\" data-elementor-lightbox-title=\"20210914_s.ips_1_pix\" data-e-action-hash=\"#elementor-action%3Aaction%3Dlightbox%26settings%3DeyJpZCI6MTE2LCJ1cmwiOiJodHRwczpcL1wvd3d3LmFhYWRhcnRlcnMuY2hcL3dwLWNvbnRlbnRcL3VwbG9hZHNcLzIwMjFcLzA5XC8yMDIxMDkxNF9zLmlwc18xX3BpeC5qcGVnIiwic2xpZGVzaG93IjoiYTg1YWVhMCJ9\" href='https:\/\/www.aaadarters.ch\/wp-content\/uploads\/2021\/09\/20210914_s.ips_1_pix.jpeg'><img loading=\"lazy\" decoding=\"async\" width=\"1024\" height=\"768\" src=\"https:\/\/www.aaadarters.ch\/wp-content\/uploads\/2021\/09\/20210914_s.ips_1_pix-1024x768.jpeg\" class=\"attachment-large size-large\" alt=\"\" aria-describedby=\"gallery-2-116\" srcset=\"https:\/\/www.aaadarters.ch\/wp-content\/uploads\/2021\/09\/20210914_s.ips_1_pix-1024x768.jpeg 1024w, https:\/\/www.aaadarters.ch\/wp-content\/uploads\/2021\/09\/20210914_s.ips_1_pix-300x225.jpeg 300w, https:\/\/www.aaadarters.ch\/wp-content\/uploads\/2021\/09\/20210914_s.ips_1_pix-768x576.jpeg 768w, https:\/\/www.aaadarters.ch\/wp-content\/uploads\/2021\/09\/20210914_s.ips_1_pix-1536x1152.jpeg 1536w, https:\/\/www.aaadarters.ch\/wp-content\/uploads\/2021\/09\/20210914_s.ips_1_pix.jpeg 2048w\" sizes=\"(max-width: 1024px) 100vw, 1024px\" \/><\/a>\n\t\t\t<\/div>\n\t\t\t\t<figcaption class='wp-caption-text gallery-caption' id='gallery-2-116'>\n\t\t\t\terster Match bei s.ip&#8217;s\n\t\t\t\t<\/figcaption><\/figure>\n\t\t<\/div>\n\t\t<\/div>\n\t\t\t\t\t\t<\/div>\n\t\t\t\t<\/div>\n\t\t\t\t<div class=\"elementor-element elementor-element-c42cbca elementor-arrows-position-inside elementor-pagination-position-outside elementor-widget elementor-widget-image-carousel\" data-id=\"c42cbca\" data-element_type=\"widget\" data-e-type=\"widget\" data-settings=\"{&quot;navigation&quot;:&quot;both&quot;,&quot;autoplay&quot;:&quot;yes&quot;,&quot;pause_on_hover&quot;:&quot;yes&quot;,&quot;pause_on_interaction&quot;:&quot;yes&quot;,&quot;autoplay_speed&quot;:5000,&quot;infinite&quot;:&quot;yes&quot;,&quot;speed&quot;:500}\" data-widget_type=\"image-carousel.default\">\n\t\t\t\t<div class=\"elementor-widget-container\">\n\t\t\t\t\t\t\t<div class=\"elementor-image-carousel-wrapper swiper\" role=\"region\" aria-roledescription=\"carousel\" aria-label=\"Bild Karussell\" dir=\"ltr\">\n\t\t\t<div class=\"elementor-image-carousel swiper-wrapper\" aria-live=\"off\">\n\t\t\t\t\t\t\t\t<div class=\"swiper-slide\" role=\"group\" aria-roledescription=\"slide\" aria-label=\"1 von 3\"><figure class=\"swiper-slide-inner\"><img decoding=\"async\" class=\"swiper-slide-image\" src=\"https:\/\/www.aaadarters.ch\/wp-content\/uploads\/2021\/09\/20210914_s.ips_3_pix-300x225.jpeg\" alt=\"erster Match bei s.ip&#039;s\" \/><figcaption class=\"elementor-image-carousel-caption\">erster Match bei s.ip's<\/figcaption><\/figure><\/div><div class=\"swiper-slide\" role=\"group\" aria-roledescription=\"slide\" aria-label=\"2 von 3\"><figure class=\"swiper-slide-inner\"><img decoding=\"async\" class=\"swiper-slide-image\" src=\"https:\/\/www.aaadarters.ch\/wp-content\/uploads\/2021\/09\/20210914_s.ips_2_pix-300x225.jpeg\" alt=\"erster Match bei s.ip&#039;s\" \/><figcaption class=\"elementor-image-carousel-caption\">erster Match bei s.ip's<\/figcaption><\/figure><\/div><div class=\"swiper-slide\" role=\"group\" aria-roledescription=\"slide\" aria-label=\"3 von 3\"><figure class=\"swiper-slide-inner\"><img decoding=\"async\" class=\"swiper-slide-image\" src=\"https:\/\/www.aaadarters.ch\/wp-content\/uploads\/2021\/09\/20210914_s.ips_1_pix-300x225.jpeg\" alt=\"erster Match bei s.ip&#039;s\" \/><figcaption class=\"elementor-image-carousel-caption\">erster Match bei s.ip's<\/figcaption><\/figure><\/div>\t\t\t<\/div>\n\t\t\t\t\t\t\t\t\t\t\t\t<div class=\"elementor-swiper-button elementor-swiper-button-prev\" role=\"button\" tabindex=\"0\">\n\t\t\t\t\t\t<i aria-hidden=\"true\" class=\"eicon-chevron-left\"><\/i>\t\t\t\t\t<\/div>\n\t\t\t\t\t<div class=\"elementor-swiper-button elementor-swiper-button-next\" role=\"button\" tabindex=\"0\">\n\t\t\t\t\t\t<i aria-hidden=\"true\" class=\"eicon-chevron-right\"><\/i>\t\t\t\t\t<\/div>\n\t\t\t\t\n\t\t\t\t\t\t\t\t\t<div class=\"swiper-pagination\"><\/div>\n\t\t\t\t\t\t\t\t\t<\/div>\n\t\t\t\t\t\t<\/div>\n\t\t\t\t<\/div>\n\t\t\t\t\t<\/div>\n\t\t<\/div>\n\t\t\t\t\t<\/div>\n\t\t<\/section>\n\t\t\t\t<\/div>\n\t\t","protected":false},"excerpt":{"rendered":"<p>Aktivmitglieder und Schnupperer gr\u00fcssen von der GV 2023 Auch ein sch\u00f6ner R\u00fccken kann entz\u00fccken &#8211; das Club-Shirt sieht einfach toll aus unsere Heimbasis erster Match bei s.ip&#8217;s erster Match bei s.ip&#8217;s erster Match bei s.ip&#8217;s erster Match bei s.ip&#8217;s Zur\u00fcck Weiter<\/p>\n","protected":false},"author":58,"featured_media":0,"parent":0,"menu_order":0,"comment_status":"closed","ping_status":"closed","template":"","meta":{"footnotes":""},"class_list":["post-121","page","type-page","status-publish","hentry"],"blocksy_meta":{"styles_descriptor":{"styles":{"desktop":"","tablet":"","mobile":""},"google_fonts":[],"version":6}},"yoast_head":"<!-- This site is optimized with the Yoast SEO plugin v27.4 - https:\/\/yoast.com\/product\/yoast-seo-wordpress\/ -->\n<title>Bilder - Triple-A Darters<\/title>\n<meta name=\"robots\" content=\"index, follow, max-snippet:-1, max-image-preview:large, max-video-preview:-1\" \/>\n<link rel=\"canonical\" href=\"https:\/\/www.aaadarters.ch\/index.php\/bilder\/\" \/>\n<meta property=\"og:locale\" content=\"de_DE\" \/>\n<meta property=\"og:type\" content=\"article\" \/>\n<meta property=\"og:title\" content=\"Bilder - Triple-A Darters\" \/>\n<meta property=\"og:description\" content=\"Aktivmitglieder und Schnupperer gr\u00fcssen von der GV 2023 Auch ein sch\u00f6ner R\u00fccken kann entz\u00fccken &#8211; das Club-Shirt sieht einfach toll aus unsere Heimbasis erster Match bei s.ip&#8217;s erster Match bei s.ip&#8217;s erster Match bei s.ip&#8217;s erster Match bei s.ip&#8217;s Zur\u00fcck Weiter\" \/>\n<meta property=\"og:url\" content=\"https:\/\/www.aaadarters.ch\/index.php\/bilder\/\" \/>\n<meta property=\"og:site_name\" content=\"Triple-A Darters\" \/>\n<meta property=\"article:modified_time\" content=\"2023-04-18T22:56:19+00:00\" \/>\n<meta property=\"og:image\" content=\"https:\/\/www.aaadarters.ch\/wp-content\/uploads\/2023\/04\/Mitglieder-mit-Shirts-GV-2023-von-vorne-150x150.jpg\" \/>\n<meta name=\"twitter:card\" content=\"summary_large_image\" \/>\n<meta name=\"twitter:label1\" content=\"Gesch\u00e4tzte Lesezeit\" \/>\n\t<meta name=\"twitter:data1\" content=\"3\u00a0Minuten\" \/>\n<script type=\"application\/ld+json\" class=\"yoast-schema-graph\">{\"@context\":\"https:\\\/\\\/schema.org\",\"@graph\":[{\"@type\":\"WebPage\",\"@id\":\"https:\\\/\\\/www.aaadarters.ch\\\/index.php\\\/bilder\\\/\",\"url\":\"https:\\\/\\\/www.aaadarters.ch\\\/index.php\\\/bilder\\\/\",\"name\":\"Bilder - Triple-A Darters\",\"isPartOf\":{\"@id\":\"https:\\\/\\\/www.aaadarters.ch\\\/#website\"},\"primaryImageOfPage\":{\"@id\":\"https:\\\/\\\/www.aaadarters.ch\\\/index.php\\\/bilder\\\/#primaryimage\"},\"image\":{\"@id\":\"https:\\\/\\\/www.aaadarters.ch\\\/index.php\\\/bilder\\\/#primaryimage\"},\"thumbnailUrl\":\"https:\\\/\\\/www.aaadarters.ch\\\/wp-content\\\/uploads\\\/2023\\\/04\\\/Mitglieder-mit-Shirts-GV-2023-von-vorne-150x150.jpg\",\"datePublished\":\"2021-09-17T23:38:21+00:00\",\"dateModified\":\"2023-04-18T22:56:19+00:00\",\"breadcrumb\":{\"@id\":\"https:\\\/\\\/www.aaadarters.ch\\\/index.php\\\/bilder\\\/#breadcrumb\"},\"inLanguage\":\"de\",\"potentialAction\":[{\"@type\":\"ReadAction\",\"target\":[\"https:\\\/\\\/www.aaadarters.ch\\\/index.php\\\/bilder\\\/\"]}]},{\"@type\":\"ImageObject\",\"inLanguage\":\"de\",\"@id\":\"https:\\\/\\\/www.aaadarters.ch\\\/index.php\\\/bilder\\\/#primaryimage\",\"url\":\"https:\\\/\\\/www.aaadarters.ch\\\/wp-content\\\/uploads\\\/2023\\\/04\\\/Mitglieder-mit-Shirts-GV-2023-von-vorne.jpg\",\"contentUrl\":\"https:\\\/\\\/www.aaadarters.ch\\\/wp-content\\\/uploads\\\/2023\\\/04\\\/Mitglieder-mit-Shirts-GV-2023-von-vorne.jpg\",\"width\":1600,\"height\":1200,\"caption\":\"Aktivmitglieder und Schnupperer gr\u00fcssen von der GV 2023\"},{\"@type\":\"BreadcrumbList\",\"@id\":\"https:\\\/\\\/www.aaadarters.ch\\\/index.php\\\/bilder\\\/#breadcrumb\",\"itemListElement\":[{\"@type\":\"ListItem\",\"position\":1,\"name\":\"Startseite\",\"item\":\"https:\\\/\\\/www.aaadarters.ch\\\/\"},{\"@type\":\"ListItem\",\"position\":2,\"name\":\"Bilder\"}]},{\"@type\":\"WebSite\",\"@id\":\"https:\\\/\\\/www.aaadarters.ch\\\/#website\",\"url\":\"https:\\\/\\\/www.aaadarters.ch\\\/\",\"name\":\"Triple-A Darters\",\"description\":\"Alles \u00fcber unseren Steeldarts-Club\",\"publisher\":{\"@id\":\"https:\\\/\\\/www.aaadarters.ch\\\/#organization\"},\"potentialAction\":[{\"@type\":\"SearchAction\",\"target\":{\"@type\":\"EntryPoint\",\"urlTemplate\":\"https:\\\/\\\/www.aaadarters.ch\\\/?s={search_term_string}\"},\"query-input\":{\"@type\":\"PropertyValueSpecification\",\"valueRequired\":true,\"valueName\":\"search_term_string\"}}],\"inLanguage\":\"de\"},{\"@type\":\"Organization\",\"@id\":\"https:\\\/\\\/www.aaadarters.ch\\\/#organization\",\"name\":\"Dartsclub Triple-A Darters Affoltern am Albis\",\"url\":\"https:\\\/\\\/www.aaadarters.ch\\\/\",\"logo\":{\"@type\":\"ImageObject\",\"inLanguage\":\"de\",\"@id\":\"https:\\\/\\\/www.aaadarters.ch\\\/#\\\/schema\\\/logo\\\/image\\\/\",\"url\":\"https:\\\/\\\/www.aaadarters.ch\\\/wp-content\\\/uploads\\\/2025\\\/11\\\/Logo_AAADarters_kreis_transp.png\",\"contentUrl\":\"https:\\\/\\\/www.aaadarters.ch\\\/wp-content\\\/uploads\\\/2025\\\/11\\\/Logo_AAADarters_kreis_transp.png\",\"width\":613,\"height\":612,\"caption\":\"Dartsclub Triple-A Darters Affoltern am Albis\"},\"image\":{\"@id\":\"https:\\\/\\\/www.aaadarters.ch\\\/#\\\/schema\\\/logo\\\/image\\\/\"}}]}<\/script>\n<!-- \/ Yoast SEO plugin. -->","yoast_head_json":{"title":"Bilder - Triple-A Darters","robots":{"index":"index","follow":"follow","max-snippet":"max-snippet:-1","max-image-preview":"max-image-preview:large","max-video-preview":"max-video-preview:-1"},"canonical":"https:\/\/www.aaadarters.ch\/index.php\/bilder\/","og_locale":"de_DE","og_type":"article","og_title":"Bilder - Triple-A Darters","og_description":"Aktivmitglieder und Schnupperer gr\u00fcssen von der GV 2023 Auch ein sch\u00f6ner R\u00fccken kann entz\u00fccken &#8211; das Club-Shirt sieht einfach toll aus unsere Heimbasis erster Match bei s.ip&#8217;s erster Match bei s.ip&#8217;s erster Match bei s.ip&#8217;s erster Match bei s.ip&#8217;s Zur\u00fcck Weiter","og_url":"https:\/\/www.aaadarters.ch\/index.php\/bilder\/","og_site_name":"Triple-A Darters","article_modified_time":"2023-04-18T22:56:19+00:00","og_image":[{"url":"https:\/\/www.aaadarters.ch\/wp-content\/uploads\/2023\/04\/Mitglieder-mit-Shirts-GV-2023-von-vorne-150x150.jpg","type":"","width":"","height":""}],"twitter_card":"summary_large_image","twitter_misc":{"Gesch\u00e4tzte Lesezeit":"3\u00a0Minuten"},"schema":{"@context":"https:\/\/schema.org","@graph":[{"@type":"WebPage","@id":"https:\/\/www.aaadarters.ch\/index.php\/bilder\/","url":"https:\/\/www.aaadarters.ch\/index.php\/bilder\/","name":"Bilder - Triple-A Darters","isPartOf":{"@id":"https:\/\/www.aaadarters.ch\/#website"},"primaryImageOfPage":{"@id":"https:\/\/www.aaadarters.ch\/index.php\/bilder\/#primaryimage"},"image":{"@id":"https:\/\/www.aaadarters.ch\/index.php\/bilder\/#primaryimage"},"thumbnailUrl":"https:\/\/www.aaadarters.ch\/wp-content\/uploads\/2023\/04\/Mitglieder-mit-Shirts-GV-2023-von-vorne-150x150.jpg","datePublished":"2021-09-17T23:38:21+00:00","dateModified":"2023-04-18T22:56:19+00:00","breadcrumb":{"@id":"https:\/\/www.aaadarters.ch\/index.php\/bilder\/#breadcrumb"},"inLanguage":"de","potentialAction":[{"@type":"ReadAction","target":["https:\/\/www.aaadarters.ch\/index.php\/bilder\/"]}]},{"@type":"ImageObject","inLanguage":"de","@id":"https:\/\/www.aaadarters.ch\/index.php\/bilder\/#primaryimage","url":"https:\/\/www.aaadarters.ch\/wp-content\/uploads\/2023\/04\/Mitglieder-mit-Shirts-GV-2023-von-vorne.jpg","contentUrl":"https:\/\/www.aaadarters.ch\/wp-content\/uploads\/2023\/04\/Mitglieder-mit-Shirts-GV-2023-von-vorne.jpg","width":1600,"height":1200,"caption":"Aktivmitglieder und Schnupperer gr\u00fcssen von der GV 2023"},{"@type":"BreadcrumbList","@id":"https:\/\/www.aaadarters.ch\/index.php\/bilder\/#breadcrumb","itemListElement":[{"@type":"ListItem","position":1,"name":"Startseite","item":"https:\/\/www.aaadarters.ch\/"},{"@type":"ListItem","position":2,"name":"Bilder"}]},{"@type":"WebSite","@id":"https:\/\/www.aaadarters.ch\/#website","url":"https:\/\/www.aaadarters.ch\/","name":"Triple-A Darters","description":"Alles \u00fcber unseren Steeldarts-Club","publisher":{"@id":"https:\/\/www.aaadarters.ch\/#organization"},"potentialAction":[{"@type":"SearchAction","target":{"@type":"EntryPoint","urlTemplate":"https:\/\/www.aaadarters.ch\/?s={search_term_string}"},"query-input":{"@type":"PropertyValueSpecification","valueRequired":true,"valueName":"search_term_string"}}],"inLanguage":"de"},{"@type":"Organization","@id":"https:\/\/www.aaadarters.ch\/#organization","name":"Dartsclub Triple-A Darters Affoltern am Albis","url":"https:\/\/www.aaadarters.ch\/","logo":{"@type":"ImageObject","inLanguage":"de","@id":"https:\/\/www.aaadarters.ch\/#\/schema\/logo\/image\/","url":"https:\/\/www.aaadarters.ch\/wp-content\/uploads\/2025\/11\/Logo_AAADarters_kreis_transp.png","contentUrl":"https:\/\/www.aaadarters.ch\/wp-content\/uploads\/2025\/11\/Logo_AAADarters_kreis_transp.png","width":613,"height":612,"caption":"Dartsclub Triple-A Darters Affoltern am Albis"},"image":{"@id":"https:\/\/www.aaadarters.ch\/#\/schema\/logo\/image\/"}}]}},"_links":{"self":[{"href":"https:\/\/www.aaadarters.ch\/index.php\/wp-json\/wp\/v2\/pages\/121","targetHints":{"allow":["GET"]}}],"collection":[{"href":"https:\/\/www.aaadarters.ch\/index.php\/wp-json\/wp\/v2\/pages"}],"about":[{"href":"https:\/\/www.aaadarters.ch\/index.php\/wp-json\/wp\/v2\/types\/page"}],"author":[{"embeddable":true,"href":"https:\/\/www.aaadarters.ch\/index.php\/wp-json\/wp\/v2\/users\/58"}],"replies":[{"embeddable":true,"href":"https:\/\/www.aaadarters.ch\/index.php\/wp-json\/wp\/v2\/comments?post=121"}],"version-history":[{"count":16,"href":"https:\/\/www.aaadarters.ch\/index.php\/wp-json\/wp\/v2\/pages\/121\/revisions"}],"predecessor-version":[{"id":3078,"href":"https:\/\/www.aaadarters.ch\/index.php\/wp-json\/wp\/v2\/pages\/121\/revisions\/3078"}],"wp:attachment":[{"href":"https:\/\/www.aaadarters.ch\/index.php\/wp-json\/wp\/v2\/media?parent=121"}],"curies":[{"name":"wp","href":"https:\/\/api.w.org\/{rel}","templated":true}]}}