{"id":3592,"date":"2023-09-27T13:56:37","date_gmt":"2023-09-27T13:56:37","guid":{"rendered":"https:\/\/www.aaadarters.ch\/?page_id=3592"},"modified":"2023-09-27T14:38:04","modified_gmt":"2023-09-27T14:38:04","slug":"turnierserie-online-anmeldung","status":"publish","type":"page","link":"https:\/\/www.aaadarters.ch\/index.php\/turnierserie-online-anmeldung\/","title":{"rendered":"Turnierserie ONLINE ANMELDUNG"},"content":{"rendered":"\t\t<div data-elementor-type=\"wp-page\" data-elementor-id=\"3592\" class=\"elementor elementor-3592\">\n\t\t\t\t\t\t<section class=\"elementor-section elementor-top-section elementor-element elementor-element-e83ad7b elementor-section-boxed elementor-section-height-default elementor-section-height-default\" data-id=\"e83ad7b\" data-element_type=\"section\" data-e-type=\"section\">\n\t\t\t\t\t\t<div class=\"elementor-container elementor-column-gap-default\">\n\t\t\t\t\t<div class=\"elementor-column elementor-col-100 elementor-top-column elementor-element elementor-element-7ce9bd0\" data-id=\"7ce9bd0\" data-element_type=\"column\" data-e-type=\"column\">\n\t\t\t<div class=\"elementor-widget-wrap elementor-element-populated\">\n\t\t\t\t\t\t<div class=\"elementor-element elementor-element-8ce93bf elementor-widget elementor-widget-text-editor\" data-id=\"8ce93bf\" data-element_type=\"widget\" data-e-type=\"widget\" data-widget_type=\"text-editor.default\">\n\t\t\t\t<div class=\"elementor-widget-container\">\n\t\t\t\t\t\t\t\t\t<h4>Bereits an einem Triple-A Darters Turnier teilgenommen ?<\/h4><p>Dann funktioniert da so:<\/p><ul><li><strong><span style=\"text-decoration: underline;\"><a href=\"https:\/\/www.loom.com\/share\/f24efe0506d5484a88c3af78735dc54a?sid=4112414c-dff1-436e-9b55-ebb57bb34e37\" target=\"_blank\" rel=\"noopener\">Erkl\u00e4rvideo anzeigen (1 Min)<\/a><\/span><\/strong><\/li><li>Passwort lautet: <strong>&#8222;TripleA&#8220;<\/strong><\/li><\/ul><p>Vorgehen Schritt f\u00fcr Schritt<\/p><ul><li>Geh auf<strong> <span style=\"text-decoration: underline;\"><a href=\"https:\/\/aaadarters.my-darts-tournament.de\/\">https:\/\/aaadarters.my-darts-tournament.de\/<\/a><\/span><\/strong><\/li><li>Geh auf &#8222;<strong>Spielerstatistiken&#8220;<\/strong><\/li><li>Nutze den &#8222;<strong>Filter&#8220;<\/strong>\u00a0um deinen Namen zu finden<\/li><li>Merke dir deine &#8222;<strong>#ID&#8220;<\/strong>\u00a0Nummer<\/li><li>Klicke auf &#8222;<strong>Login&#8220;<\/strong>\u00a0oben rechts<\/li><li>Unter &#8222;<strong>Spieler-<\/strong>Login&#8220;,<ul><li>gib die gemerkte <strong>#ID von vorhin<\/strong> ein,<\/li><li>und das Password <strong>&#8222;TripleA&#8220;<\/strong> (ohne die &#8222;&#8220;)<\/li><\/ul><\/li><li>Klicke auf &#8222;<strong>Turnieranmeldung&#8220;<\/strong><ul><li><strong>Selektiere das n\u00e4chste Turnier der Serie<\/strong><\/li><li>und \u00e4ndere den <strong>grauen Schalter unter &#8222;Angemeldet&#8220; nach rechts<\/strong>. Der <span style=\"color: #0000ff;\">Schalter wird dann blau <\/span>sein.<\/li><\/ul><\/li><li>Falls dies nicht m\u00f6glich ist, sind bereits alle 32 Pl\u00e4tze belegt. Dann kannst du dich <em>optional f\u00fcr die Warteliste anmelden<\/em>.<\/li><\/ul><h4>Noch nie an einem Triple-A Darters Turnier teilgenommen ?<\/h4><ul><li>Dann findest Du deinen Namen nicht in der Liste<\/li><li>einfach ein E-Mail mit deinem vollst\u00e4ndigen Namen an <strong><span style=\"text-decoration: underline;\"><a href=\"mailto:turnier@aaadarters.ch\">turnier@aaadarters.ch<\/a><\/span><\/strong> schicken und wir melden dich an.<\/li><\/ul><h4>Wir freuen uns auf Euch!<\/h4>\t\t\t\t\t\t\t\t<\/div>\n\t\t\t\t<\/div>\n\t\t\t\t\t<\/div>\n\t\t<\/div>\n\t\t\t\t\t<\/div>\n\t\t<\/section>\n\t\t\t\t<\/div>\n\t\t","protected":false},"excerpt":{"rendered":"<p>Bereits an einem Triple-A Darters Turnier teilgenommen ? Dann funktioniert da so: Erkl\u00e4rvideo anzeigen (1 Min) Passwort lautet: &#8222;TripleA&#8220; Vorgehen Schritt f\u00fcr Schritt Geh auf https:\/\/aaadarters.my-darts-tournament.de\/ Geh auf &#8222;Spielerstatistiken&#8220; Nutze den &#8222;Filter&#8220;\u00a0um deinen Namen zu finden Merke dir deine &#8222;#ID&#8220;\u00a0Nummer Klicke auf &#8222;Login&#8220;\u00a0oben rechts Unter &#8222;Spieler-Login&#8220;, gib die gemerkte #ID von vorhin ein, und das [&hellip;]<\/p>\n","protected":false},"author":58,"featured_media":0,"parent":0,"menu_order":0,"comment_status":"closed","ping_status":"closed","template":"","meta":{"footnotes":""},"class_list":["post-3592","page","type-page","status-publish","hentry"],"blocksy_meta":[],"yoast_head":"<!-- This site is optimized with the Yoast SEO plugin v27.4 - https:\/\/yoast.com\/product\/yoast-seo-wordpress\/ -->\n<title>Turnierserie ONLINE ANMELDUNG - Triple-A Darters<\/title>\n<meta name=\"robots\" content=\"index, follow, max-snippet:-1, max-image-preview:large, max-video-preview:-1\" \/>\n<link rel=\"canonical\" href=\"https:\/\/www.aaadarters.ch\/index.php\/turnierserie-online-anmeldung\/\" \/>\n<meta property=\"og:locale\" content=\"de_DE\" \/>\n<meta property=\"og:type\" content=\"article\" \/>\n<meta property=\"og:title\" content=\"Turnierserie ONLINE ANMELDUNG - Triple-A Darters\" \/>\n<meta property=\"og:description\" content=\"Bereits an einem Triple-A Darters Turnier teilgenommen ? Dann funktioniert da so: Erkl\u00e4rvideo anzeigen (1 Min) Passwort lautet: &#8222;TripleA&#8220; Vorgehen Schritt f\u00fcr Schritt Geh auf https:\/\/aaadarters.my-darts-tournament.de\/ Geh auf &#8222;Spielerstatistiken&#8220; Nutze den &#8222;Filter&#8220;\u00a0um deinen Namen zu finden Merke dir deine &#8222;#ID&#8220;\u00a0Nummer Klicke auf &#8222;Login&#8220;\u00a0oben rechts Unter &#8222;Spieler-Login&#8220;, gib die gemerkte #ID von vorhin ein, und das [&hellip;]\" \/>\n<meta property=\"og:url\" content=\"https:\/\/www.aaadarters.ch\/index.php\/turnierserie-online-anmeldung\/\" \/>\n<meta property=\"og:site_name\" content=\"Triple-A Darters\" \/>\n<meta property=\"article:modified_time\" content=\"2023-09-27T14:38:04+00:00\" \/>\n<meta name=\"twitter:card\" content=\"summary_large_image\" \/>\n<meta name=\"twitter:label1\" content=\"Gesch\u00e4tzte Lesezeit\" \/>\n\t<meta name=\"twitter:data1\" content=\"1\u00a0Minute\" \/>\n<script type=\"application\/ld+json\" class=\"yoast-schema-graph\">{\"@context\":\"https:\\\/\\\/schema.org\",\"@graph\":[{\"@type\":\"WebPage\",\"@id\":\"https:\\\/\\\/www.aaadarters.ch\\\/index.php\\\/turnierserie-online-anmeldung\\\/\",\"url\":\"https:\\\/\\\/www.aaadarters.ch\\\/index.php\\\/turnierserie-online-anmeldung\\\/\",\"name\":\"Turnierserie ONLINE ANMELDUNG - Triple-A Darters\",\"isPartOf\":{\"@id\":\"https:\\\/\\\/www.aaadarters.ch\\\/#website\"},\"datePublished\":\"2023-09-27T13:56:37+00:00\",\"dateModified\":\"2023-09-27T14:38:04+00:00\",\"breadcrumb\":{\"@id\":\"https:\\\/\\\/www.aaadarters.ch\\\/index.php\\\/turnierserie-online-anmeldung\\\/#breadcrumb\"},\"inLanguage\":\"de\",\"potentialAction\":[{\"@type\":\"ReadAction\",\"target\":[\"https:\\\/\\\/www.aaadarters.ch\\\/index.php\\\/turnierserie-online-anmeldung\\\/\"]}]},{\"@type\":\"BreadcrumbList\",\"@id\":\"https:\\\/\\\/www.aaadarters.ch\\\/index.php\\\/turnierserie-online-anmeldung\\\/#breadcrumb\",\"itemListElement\":[{\"@type\":\"ListItem\",\"position\":1,\"name\":\"Startseite\",\"item\":\"https:\\\/\\\/www.aaadarters.ch\\\/\"},{\"@type\":\"ListItem\",\"position\":2,\"name\":\"Turnierserie ONLINE ANMELDUNG\"}]},{\"@type\":\"WebSite\",\"@id\":\"https:\\\/\\\/www.aaadarters.ch\\\/#website\",\"url\":\"https:\\\/\\\/www.aaadarters.ch\\\/\",\"name\":\"Triple-A Darters\",\"description\":\"Alles \u00fcber unseren Steeldarts-Club\",\"publisher\":{\"@id\":\"https:\\\/\\\/www.aaadarters.ch\\\/#organization\"},\"potentialAction\":[{\"@type\":\"SearchAction\",\"target\":{\"@type\":\"EntryPoint\",\"urlTemplate\":\"https:\\\/\\\/www.aaadarters.ch\\\/?s={search_term_string}\"},\"query-input\":{\"@type\":\"PropertyValueSpecification\",\"valueRequired\":true,\"valueName\":\"search_term_string\"}}],\"inLanguage\":\"de\"},{\"@type\":\"Organization\",\"@id\":\"https:\\\/\\\/www.aaadarters.ch\\\/#organization\",\"name\":\"Dartsclub Triple-A Darters Affoltern am Albis\",\"url\":\"https:\\\/\\\/www.aaadarters.ch\\\/\",\"logo\":{\"@type\":\"ImageObject\",\"inLanguage\":\"de\",\"@id\":\"https:\\\/\\\/www.aaadarters.ch\\\/#\\\/schema\\\/logo\\\/image\\\/\",\"url\":\"https:\\\/\\\/www.aaadarters.ch\\\/wp-content\\\/uploads\\\/2025\\\/11\\\/Logo_AAADarters_kreis_transp.png\",\"contentUrl\":\"https:\\\/\\\/www.aaadarters.ch\\\/wp-content\\\/uploads\\\/2025\\\/11\\\/Logo_AAADarters_kreis_transp.png\",\"width\":613,\"height\":612,\"caption\":\"Dartsclub Triple-A Darters Affoltern am Albis\"},\"image\":{\"@id\":\"https:\\\/\\\/www.aaadarters.ch\\\/#\\\/schema\\\/logo\\\/image\\\/\"}}]}<\/script>\n<!-- \/ Yoast SEO plugin. -->","yoast_head_json":{"title":"Turnierserie ONLINE ANMELDUNG - Triple-A Darters","robots":{"index":"index","follow":"follow","max-snippet":"max-snippet:-1","max-image-preview":"max-image-preview:large","max-video-preview":"max-video-preview:-1"},"canonical":"https:\/\/www.aaadarters.ch\/index.php\/turnierserie-online-anmeldung\/","og_locale":"de_DE","og_type":"article","og_title":"Turnierserie ONLINE ANMELDUNG - Triple-A Darters","og_description":"Bereits an einem Triple-A Darters Turnier teilgenommen ? Dann funktioniert da so: Erkl\u00e4rvideo anzeigen (1 Min) Passwort lautet: &#8222;TripleA&#8220; Vorgehen Schritt f\u00fcr Schritt Geh auf https:\/\/aaadarters.my-darts-tournament.de\/ Geh auf &#8222;Spielerstatistiken&#8220; Nutze den &#8222;Filter&#8220;\u00a0um deinen Namen zu finden Merke dir deine &#8222;#ID&#8220;\u00a0Nummer Klicke auf &#8222;Login&#8220;\u00a0oben rechts Unter &#8222;Spieler-Login&#8220;, gib die gemerkte #ID von vorhin ein, und das [&hellip;]","og_url":"https:\/\/www.aaadarters.ch\/index.php\/turnierserie-online-anmeldung\/","og_site_name":"Triple-A Darters","article_modified_time":"2023-09-27T14:38:04+00:00","twitter_card":"summary_large_image","twitter_misc":{"Gesch\u00e4tzte Lesezeit":"1\u00a0Minute"},"schema":{"@context":"https:\/\/schema.org","@graph":[{"@type":"WebPage","@id":"https:\/\/www.aaadarters.ch\/index.php\/turnierserie-online-anmeldung\/","url":"https:\/\/www.aaadarters.ch\/index.php\/turnierserie-online-anmeldung\/","name":"Turnierserie ONLINE ANMELDUNG - Triple-A Darters","isPartOf":{"@id":"https:\/\/www.aaadarters.ch\/#website"},"datePublished":"2023-09-27T13:56:37+00:00","dateModified":"2023-09-27T14:38:04+00:00","breadcrumb":{"@id":"https:\/\/www.aaadarters.ch\/index.php\/turnierserie-online-anmeldung\/#breadcrumb"},"inLanguage":"de","potentialAction":[{"@type":"ReadAction","target":["https:\/\/www.aaadarters.ch\/index.php\/turnierserie-online-anmeldung\/"]}]},{"@type":"BreadcrumbList","@id":"https:\/\/www.aaadarters.ch\/index.php\/turnierserie-online-anmeldung\/#breadcrumb","itemListElement":[{"@type":"ListItem","position":1,"name":"Startseite","item":"https:\/\/www.aaadarters.ch\/"},{"@type":"ListItem","position":2,"name":"Turnierserie ONLINE ANMELDUNG"}]},{"@type":"WebSite","@id":"https:\/\/www.aaadarters.ch\/#website","url":"https:\/\/www.aaadarters.ch\/","name":"Triple-A Darters","description":"Alles \u00fcber unseren Steeldarts-Club","publisher":{"@id":"https:\/\/www.aaadarters.ch\/#organization"},"potentialAction":[{"@type":"SearchAction","target":{"@type":"EntryPoint","urlTemplate":"https:\/\/www.aaadarters.ch\/?s={search_term_string}"},"query-input":{"@type":"PropertyValueSpecification","valueRequired":true,"valueName":"search_term_string"}}],"inLanguage":"de"},{"@type":"Organization","@id":"https:\/\/www.aaadarters.ch\/#organization","name":"Dartsclub Triple-A Darters Affoltern am Albis","url":"https:\/\/www.aaadarters.ch\/","logo":{"@type":"ImageObject","inLanguage":"de","@id":"https:\/\/www.aaadarters.ch\/#\/schema\/logo\/image\/","url":"https:\/\/www.aaadarters.ch\/wp-content\/uploads\/2025\/11\/Logo_AAADarters_kreis_transp.png","contentUrl":"https:\/\/www.aaadarters.ch\/wp-content\/uploads\/2025\/11\/Logo_AAADarters_kreis_transp.png","width":613,"height":612,"caption":"Dartsclub Triple-A Darters Affoltern am Albis"},"image":{"@id":"https:\/\/www.aaadarters.ch\/#\/schema\/logo\/image\/"}}]}},"_links":{"self":[{"href":"https:\/\/www.aaadarters.ch\/index.php\/wp-json\/wp\/v2\/pages\/3592","targetHints":{"allow":["GET"]}}],"collection":[{"href":"https:\/\/www.aaadarters.ch\/index.php\/wp-json\/wp\/v2\/pages"}],"about":[{"href":"https:\/\/www.aaadarters.ch\/index.php\/wp-json\/wp\/v2\/types\/page"}],"author":[{"embeddable":true,"href":"https:\/\/www.aaadarters.ch\/index.php\/wp-json\/wp\/v2\/users\/58"}],"replies":[{"embeddable":true,"href":"https:\/\/www.aaadarters.ch\/index.php\/wp-json\/wp\/v2\/comments?post=3592"}],"version-history":[{"count":27,"href":"https:\/\/www.aaadarters.ch\/index.php\/wp-json\/wp\/v2\/pages\/3592\/revisions"}],"predecessor-version":[{"id":4581,"href":"https:\/\/www.aaadarters.ch\/index.php\/wp-json\/wp\/v2\/pages\/3592\/revisions\/4581"}],"wp:attachment":[{"href":"https:\/\/www.aaadarters.ch\/index.php\/wp-json\/wp\/v2\/media?parent=3592"}],"curies":[{"name":"wp","href":"https:\/\/api.w.org\/{rel}","templated":true}]}}