{"id":3986,"date":"2024-02-18T16:56:17","date_gmt":"2024-02-18T16:56:17","guid":{"rendered":"https:\/\/www.aaadarters.ch\/?page_id=3986"},"modified":"2024-02-18T16:57:11","modified_gmt":"2024-02-18T16:57:11","slug":"mutation","status":"publish","type":"page","link":"https:\/\/www.aaadarters.ch\/index.php\/mutation\/","title":{"rendered":"Mutation"},"content":{"rendered":"\t\t<div data-elementor-type=\"wp-page\" data-elementor-id=\"3986\" class=\"elementor elementor-3986\">\n\t\t\t\t\t\t<section class=\"elementor-section elementor-top-section elementor-element elementor-element-cefa232 elementor-section-boxed elementor-section-height-default elementor-section-height-default\" data-id=\"cefa232\" data-element_type=\"section\" data-e-type=\"section\">\n\t\t\t\t\t\t<div class=\"elementor-container elementor-column-gap-default\">\n\t\t\t\t\t<div class=\"elementor-column elementor-col-100 elementor-top-column elementor-element elementor-element-d64d977\" data-id=\"d64d977\" data-element_type=\"column\" data-e-type=\"column\">\n\t\t\t<div class=\"elementor-widget-wrap elementor-element-populated\">\n\t\t\t\t\t\t<div class=\"elementor-element elementor-element-4f45b32 elementor-widget elementor-widget-shortcode\" data-id=\"4f45b32\" data-element_type=\"widget\" data-e-type=\"widget\" data-widget_type=\"shortcode.default\">\n\t\t\t\t<div class=\"elementor-widget-container\">\n\t\t\t\t\t\t\t<div class=\"elementor-shortcode\">\n<div class=\"wpcf7 no-js\" id=\"wpcf7-f3255-o1\" lang=\"de-DE\" dir=\"ltr\" data-wpcf7-id=\"3255\">\n<div class=\"screen-reader-response\"><p role=\"status\" aria-live=\"polite\" aria-atomic=\"true\"><\/p> <ul><\/ul><\/div>\n<form action=\"\/index.php\/wp-json\/wp\/v2\/pages\/3986#wpcf7-f3255-o1\" method=\"post\" class=\"wpcf7-form init\" aria-label=\"Kontaktformular\" novalidate=\"novalidate\" data-status=\"init\">\n<fieldset class=\"hidden-fields-container\"><input type=\"hidden\" name=\"_wpcf7\" value=\"3255\" \/><input type=\"hidden\" name=\"_wpcf7_version\" value=\"6.1.5\" \/><input type=\"hidden\" name=\"_wpcf7_locale\" value=\"de_DE\" \/><input type=\"hidden\" name=\"_wpcf7_unit_tag\" value=\"wpcf7-f3255-o1\" \/><input type=\"hidden\" name=\"_wpcf7_container_post\" value=\"0\" \/><input type=\"hidden\" name=\"_wpcf7_posted_data_hash\" value=\"\" \/>\n<\/fieldset>\n<p><label> Wir ben\u00f6tigen von Schnuppernden und Mitgliedern einige Personalien<br \/>\n- Daf\u00fcr k\u00f6nnen Schnuppernde auch schon an einigen Aktivit\u00e4ten teilzunehmen (wie zB. Pyramide)<\/label>\n<\/p>\n<p><label> Untenstehend meine Personalien (bitte komplett wenn erstmals zu erfassen, ansonsten nur was \u00e4ndert)<\/label>\n<\/p>\n<p><label> Datenschutz ist f\u00fcr uns wichtig!<br \/>\nEs wird nur ver\u00f6ffentlicht was f\u00fcr den vorgesehenen Leserkreis einen direkten Nutzen hat<br \/>\n--------------------------------------------<\/label>\n<\/p>\n<p><label> * Zweck der Einsendung: <\/label><span class=\"wpcf7-form-control-wrap\" data-name=\"RadioZweck\"><span class=\"wpcf7-form-control wpcf7-radio\"><span class=\"wpcf7-list-item first\"><label><input type=\"radio\" name=\"RadioZweck\" value=\"\u00c4nderung\" checked=\"checked\" \/><span class=\"wpcf7-list-item-label\">\u00c4nderung<\/span><\/label><\/span><span class=\"wpcf7-list-item\"><label><input type=\"radio\" name=\"RadioZweck\" value=\"Schnuppern\" \/><span class=\"wpcf7-list-item-label\">Schnuppern<\/span><\/label><\/span><span class=\"wpcf7-list-item last\"><label><input type=\"radio\" name=\"RadioZweck\" value=\"Beitritt\" \/><span class=\"wpcf7-list-item-label\">Beitritt<\/span><\/label><\/span><\/span><\/span>\n<\/p>\n<p><label> * Dein Vorname \/ Nachname<br \/>\n<span class=\"wpcf7-form-control-wrap\" data-name=\"VorNachname\"><input size=\"40\" maxlength=\"400\" class=\"wpcf7-form-control wpcf7-text wpcf7-validates-as-required\" autocomplete=\"name\" aria-required=\"true\" aria-invalid=\"false\" value=\"\" type=\"text\" name=\"VorNachname\" \/><\/span> <\/label>\n<\/p>\n<p><label> Deine Strasse \/ Nr.<br \/>\n<span class=\"wpcf7-form-control-wrap\" data-name=\"StrasseNr\"><input size=\"40\" maxlength=\"400\" class=\"wpcf7-form-control wpcf7-text\" aria-invalid=\"false\" value=\"\" type=\"text\" name=\"StrasseNr\" \/><\/span> <\/label>\n<\/p>\n<p><label> Deine PLZ \/ WOHNORT<br \/>\n<span class=\"wpcf7-form-control-wrap\" data-name=\"PlzOrt\"><input size=\"40\" maxlength=\"400\" class=\"wpcf7-form-control wpcf7-text\" aria-invalid=\"false\" value=\"\" type=\"text\" name=\"PlzOrt\" \/><\/span> <\/label>\n<\/p>\n<p><label> * Deine Telefonnummer f\u00fcr WhatsApp<br \/>\n<span class=\"wpcf7-form-control-wrap\" data-name=\"TelefonWA\"><input size=\"40\" maxlength=\"400\" class=\"wpcf7-form-control wpcf7-tel wpcf7-validates-as-required wpcf7-text wpcf7-validates-as-tel\" aria-required=\"true\" aria-invalid=\"false\" value=\"\" type=\"tel\" name=\"TelefonWA\" \/><\/span> <\/label><br \/>\n<label> (-> die meiste Kommunikation geschieht \u00fcber WhatsApp, andere Chats werden nicht unterst\u00fctzt - ohne WA kriegst du leider nichts mit)<br \/>\n--------------------------------------------<\/label>\n<\/p>\n<p><label> Deine Telefonnummer f\u00fcr Anrufe (Falls abweichend von WA, sonst leer lassen)<br \/>\n<span class=\"wpcf7-form-control-wrap\" data-name=\"TelefonAnruf\"><input size=\"40\" maxlength=\"400\" class=\"wpcf7-form-control wpcf7-tel wpcf7-text wpcf7-validates-as-tel\" aria-invalid=\"false\" value=\"\" type=\"tel\" name=\"TelefonAnruf\" \/><\/span> <\/label>\n<\/p>\n<p><label> * Deine E-Mail-Adresse<br \/>\n<span class=\"wpcf7-form-control-wrap\" data-name=\"your-email\"><input size=\"40\" maxlength=\"400\" class=\"wpcf7-form-control wpcf7-email wpcf7-validates-as-required wpcf7-text wpcf7-validates-as-email\" autocomplete=\"email\" aria-required=\"true\" aria-invalid=\"false\" value=\"\" type=\"email\" name=\"your-email\" \/><\/span> <\/label><br \/>\n<label> -> Nenne uns m\u00f6glichst eine Adresse auf welche du jederzeit und einfach Zugriff hast!<br \/>\n(Wichtiges wie dein Benutzer Login, Teilnahme an Pyramide, passwortloses besuchen interner Seiten, Einladungen\/Infos zu GV's benutzen diese Mailadresse!)<br \/>\n--------------------------------------------<\/label>\n<\/p>\n<p><label> * Dein Geburtsdatum (zur Ermittlung unseres Durchschnittsalters, aber falls du sp\u00e4ter beitrittst und ein Dartsverband irgendwann genaue Daten verlangt)<br \/>\n<span class=\"wpcf7-form-control-wrap\" data-name=\"GebDatum\"><input class=\"wpcf7-form-control wpcf7-date wpcf7-validates-as-date\" aria-invalid=\"false\" value=\"\" type=\"date\" name=\"GebDatum\" \/><\/span> <\/label><br \/>\n--------------------------------------------<br \/>\n<label> Schau dir bitte unsere <a href=\"https:\/\/www.aaadarters.ch\/index.php\/visionen-strategien-ziele\/\">Visionen und Zielen<\/a> an... (findest du auf aaadarters.ch -> benutze die Suchfunktion)<br \/>\n- komm nur Schnuppern \/ tritt nur bei WENN du mit unseren <a href=\"https:\/\/www.aaadarters.ch\/index.php\/visionen-strategien-ziele\/\">Visionen und Zielen<\/a> \u00fcbereinstimmst.<br \/>\n- FALLS du den Verein sp\u00e4ter kommerzialisieren und umorganisieren willst, werden wir garantiert nicht gl\u00fccklich miteinander!<br \/>\n--------------------------------------------<\/label>\n<\/p>\n<p><label>Schau dir bitte unsere <a href=\"https:\/\/www.aaadarters.ch\/wp-content\/uploads\/2022\/09\/scan-Statuten-Triple-A-Darters-Gruendung-Mai-22-unterschrieben-public.pdf\">Statuten<\/a> an... (findest du auf aaadarters.ch -> benutze die Suchfunktion)<br \/>\n- komm nur Schnuppern \/ tritt nur bei WENN du mit unseren <a href=\"https:\/\/www.aaadarters.ch\/wp-content\/uploads\/2022\/09\/scan-Statuten-Triple-A-Darters-Gruendung-Mai-22-unterschrieben-public.pdf\">Statuten<\/a> im wesentlichen \u00fcbereinstimmst<br \/>\n- sie sind absichtlich relativ einfach gehalten, und das hat bis jetzt sehr gut funktioniert!<br \/>\n- FALLS du jetzt schon einige grundliegende Sachen \u00e4ndern w\u00fcrdest, dann werden wir garantiert nicht gl\u00fccklich miteinander!)<br \/>\n--------------------------------------------<\/label>\n<\/p>\n<p><label> Deine Nachricht\/Frage\/Bemerkung (optional)<br \/>\n<span class=\"wpcf7-form-control-wrap\" data-name=\"your-message\"><textarea cols=\"40\" rows=\"10\" maxlength=\"2000\" class=\"wpcf7-form-control wpcf7-textarea\" aria-invalid=\"false\" name=\"your-message\"><\/textarea><\/span> <\/label>\n<\/p>\n<p><input class=\"wpcf7-form-control wpcf7-submit has-spinner\" type=\"submit\" value=\"Senden\" \/>\n<\/p><div class=\"wpcf7-response-output\" aria-hidden=\"true\"><\/div>\n<\/form>\n<\/div>\n<\/div>\n\t\t\t\t\t\t<\/div>\n\t\t\t\t<\/div>\n\t\t\t\t\t<\/div>\n\t\t<\/div>\n\t\t\t\t\t<\/div>\n\t\t<\/section>\n\t\t\t\t<\/div>\n\t\t","protected":false},"excerpt":{"rendered":"","protected":false},"author":58,"featured_media":0,"parent":0,"menu_order":0,"comment_status":"closed","ping_status":"closed","template":"","meta":{"footnotes":""},"class_list":["post-3986","page","type-page","status-publish","hentry"],"blocksy_meta":[],"yoast_head":"<!-- This site is optimized with the Yoast SEO plugin v27.4 - https:\/\/yoast.com\/product\/yoast-seo-wordpress\/ -->\n<title>Mutation - Triple-A Darters<\/title>\n<meta name=\"robots\" content=\"index, follow, max-snippet:-1, max-image-preview:large, max-video-preview:-1\" \/>\n<link rel=\"canonical\" href=\"https:\/\/www.aaadarters.ch\/index.php\/mutation\/\" \/>\n<meta property=\"og:locale\" content=\"de_DE\" \/>\n<meta property=\"og:type\" content=\"article\" \/>\n<meta property=\"og:title\" content=\"Mutation - Triple-A Darters\" \/>\n<meta property=\"og:url\" content=\"https:\/\/www.aaadarters.ch\/index.php\/mutation\/\" \/>\n<meta property=\"og:site_name\" content=\"Triple-A Darters\" \/>\n<meta property=\"article:modified_time\" content=\"2024-02-18T16:57:11+00:00\" \/>\n<meta name=\"twitter:card\" content=\"summary_large_image\" \/>\n<script type=\"application\/ld+json\" class=\"yoast-schema-graph\">{\"@context\":\"https:\\\/\\\/schema.org\",\"@graph\":[{\"@type\":\"WebPage\",\"@id\":\"https:\\\/\\\/www.aaadarters.ch\\\/index.php\\\/mutation\\\/\",\"url\":\"https:\\\/\\\/www.aaadarters.ch\\\/index.php\\\/mutation\\\/\",\"name\":\"Mutation - Triple-A Darters\",\"isPartOf\":{\"@id\":\"https:\\\/\\\/www.aaadarters.ch\\\/#website\"},\"datePublished\":\"2024-02-18T16:56:17+00:00\",\"dateModified\":\"2024-02-18T16:57:11+00:00\",\"breadcrumb\":{\"@id\":\"https:\\\/\\\/www.aaadarters.ch\\\/index.php\\\/mutation\\\/#breadcrumb\"},\"inLanguage\":\"de\",\"potentialAction\":[{\"@type\":\"ReadAction\",\"target\":[\"https:\\\/\\\/www.aaadarters.ch\\\/index.php\\\/mutation\\\/\"]}]},{\"@type\":\"BreadcrumbList\",\"@id\":\"https:\\\/\\\/www.aaadarters.ch\\\/index.php\\\/mutation\\\/#breadcrumb\",\"itemListElement\":[{\"@type\":\"ListItem\",\"position\":1,\"name\":\"Startseite\",\"item\":\"https:\\\/\\\/www.aaadarters.ch\\\/\"},{\"@type\":\"ListItem\",\"position\":2,\"name\":\"Mutation\"}]},{\"@type\":\"WebSite\",\"@id\":\"https:\\\/\\\/www.aaadarters.ch\\\/#website\",\"url\":\"https:\\\/\\\/www.aaadarters.ch\\\/\",\"name\":\"Triple-A Darters\",\"description\":\"Alles \u00fcber unseren Steeldarts-Club\",\"publisher\":{\"@id\":\"https:\\\/\\\/www.aaadarters.ch\\\/#organization\"},\"potentialAction\":[{\"@type\":\"SearchAction\",\"target\":{\"@type\":\"EntryPoint\",\"urlTemplate\":\"https:\\\/\\\/www.aaadarters.ch\\\/?s={search_term_string}\"},\"query-input\":{\"@type\":\"PropertyValueSpecification\",\"valueRequired\":true,\"valueName\":\"search_term_string\"}}],\"inLanguage\":\"de\"},{\"@type\":\"Organization\",\"@id\":\"https:\\\/\\\/www.aaadarters.ch\\\/#organization\",\"name\":\"Dartsclub Triple-A Darters Affoltern am Albis\",\"url\":\"https:\\\/\\\/www.aaadarters.ch\\\/\",\"logo\":{\"@type\":\"ImageObject\",\"inLanguage\":\"de\",\"@id\":\"https:\\\/\\\/www.aaadarters.ch\\\/#\\\/schema\\\/logo\\\/image\\\/\",\"url\":\"https:\\\/\\\/www.aaadarters.ch\\\/wp-content\\\/uploads\\\/2025\\\/11\\\/Logo_AAADarters_kreis_transp.png\",\"contentUrl\":\"https:\\\/\\\/www.aaadarters.ch\\\/wp-content\\\/uploads\\\/2025\\\/11\\\/Logo_AAADarters_kreis_transp.png\",\"width\":613,\"height\":612,\"caption\":\"Dartsclub Triple-A Darters Affoltern am Albis\"},\"image\":{\"@id\":\"https:\\\/\\\/www.aaadarters.ch\\\/#\\\/schema\\\/logo\\\/image\\\/\"}}]}<\/script>\n<!-- \/ Yoast SEO plugin. -->","yoast_head_json":{"title":"Mutation - Triple-A Darters","robots":{"index":"index","follow":"follow","max-snippet":"max-snippet:-1","max-image-preview":"max-image-preview:large","max-video-preview":"max-video-preview:-1"},"canonical":"https:\/\/www.aaadarters.ch\/index.php\/mutation\/","og_locale":"de_DE","og_type":"article","og_title":"Mutation - Triple-A Darters","og_url":"https:\/\/www.aaadarters.ch\/index.php\/mutation\/","og_site_name":"Triple-A Darters","article_modified_time":"2024-02-18T16:57:11+00:00","twitter_card":"summary_large_image","schema":{"@context":"https:\/\/schema.org","@graph":[{"@type":"WebPage","@id":"https:\/\/www.aaadarters.ch\/index.php\/mutation\/","url":"https:\/\/www.aaadarters.ch\/index.php\/mutation\/","name":"Mutation - Triple-A Darters","isPartOf":{"@id":"https:\/\/www.aaadarters.ch\/#website"},"datePublished":"2024-02-18T16:56:17+00:00","dateModified":"2024-02-18T16:57:11+00:00","breadcrumb":{"@id":"https:\/\/www.aaadarters.ch\/index.php\/mutation\/#breadcrumb"},"inLanguage":"de","potentialAction":[{"@type":"ReadAction","target":["https:\/\/www.aaadarters.ch\/index.php\/mutation\/"]}]},{"@type":"BreadcrumbList","@id":"https:\/\/www.aaadarters.ch\/index.php\/mutation\/#breadcrumb","itemListElement":[{"@type":"ListItem","position":1,"name":"Startseite","item":"https:\/\/www.aaadarters.ch\/"},{"@type":"ListItem","position":2,"name":"Mutation"}]},{"@type":"WebSite","@id":"https:\/\/www.aaadarters.ch\/#website","url":"https:\/\/www.aaadarters.ch\/","name":"Triple-A Darters","description":"Alles \u00fcber unseren Steeldarts-Club","publisher":{"@id":"https:\/\/www.aaadarters.ch\/#organization"},"potentialAction":[{"@type":"SearchAction","target":{"@type":"EntryPoint","urlTemplate":"https:\/\/www.aaadarters.ch\/?s={search_term_string}"},"query-input":{"@type":"PropertyValueSpecification","valueRequired":true,"valueName":"search_term_string"}}],"inLanguage":"de"},{"@type":"Organization","@id":"https:\/\/www.aaadarters.ch\/#organization","name":"Dartsclub Triple-A Darters Affoltern am Albis","url":"https:\/\/www.aaadarters.ch\/","logo":{"@type":"ImageObject","inLanguage":"de","@id":"https:\/\/www.aaadarters.ch\/#\/schema\/logo\/image\/","url":"https:\/\/www.aaadarters.ch\/wp-content\/uploads\/2025\/11\/Logo_AAADarters_kreis_transp.png","contentUrl":"https:\/\/www.aaadarters.ch\/wp-content\/uploads\/2025\/11\/Logo_AAADarters_kreis_transp.png","width":613,"height":612,"caption":"Dartsclub Triple-A Darters Affoltern am Albis"},"image":{"@id":"https:\/\/www.aaadarters.ch\/#\/schema\/logo\/image\/"}}]}},"_links":{"self":[{"href":"https:\/\/www.aaadarters.ch\/index.php\/wp-json\/wp\/v2\/pages\/3986","targetHints":{"allow":["GET"]}}],"collection":[{"href":"https:\/\/www.aaadarters.ch\/index.php\/wp-json\/wp\/v2\/pages"}],"about":[{"href":"https:\/\/www.aaadarters.ch\/index.php\/wp-json\/wp\/v2\/types\/page"}],"author":[{"embeddable":true,"href":"https:\/\/www.aaadarters.ch\/index.php\/wp-json\/wp\/v2\/users\/58"}],"replies":[{"embeddable":true,"href":"https:\/\/www.aaadarters.ch\/index.php\/wp-json\/wp\/v2\/comments?post=3986"}],"version-history":[{"count":5,"href":"https:\/\/www.aaadarters.ch\/index.php\/wp-json\/wp\/v2\/pages\/3986\/revisions"}],"predecessor-version":[{"id":4784,"href":"https:\/\/www.aaadarters.ch\/index.php\/wp-json\/wp\/v2\/pages\/3986\/revisions\/4784"}],"wp:attachment":[{"href":"https:\/\/www.aaadarters.ch\/index.php\/wp-json\/wp\/v2\/media?parent=3986"}],"curies":[{"name":"wp","href":"https:\/\/api.w.org\/{rel}","templated":true}]}}