{"id":4271,"date":"2024-04-21T10:20:40","date_gmt":"2024-04-21T10:20:40","guid":{"rendered":"https:\/\/www.aaadarters.ch\/?page_id=4271"},"modified":"2024-04-21T10:47:07","modified_gmt":"2024-04-21T10:47:07","slug":"bar-break-spezifisches","status":"publish","type":"page","link":"https:\/\/www.aaadarters.ch\/index.php\/bar-break-spezifisches\/","title":{"rendered":"Bar Break spezifisches"},"content":{"rendered":"\t\t<div data-elementor-type=\"wp-page\" data-elementor-id=\"4271\" class=\"elementor elementor-4271\">\n\t\t\t\t\t\t<section class=\"elementor-section elementor-top-section elementor-element elementor-element-b8ed474 elementor-section-boxed elementor-section-height-default elementor-section-height-default\" data-id=\"b8ed474\" data-element_type=\"section\" data-e-type=\"section\">\n\t\t\t\t\t\t<div class=\"elementor-container elementor-column-gap-default\">\n\t\t\t\t\t<div class=\"elementor-column elementor-col-100 elementor-top-column elementor-element elementor-element-5ac71be\" data-id=\"5ac71be\" data-element_type=\"column\" data-e-type=\"column\">\n\t\t\t<div class=\"elementor-widget-wrap elementor-element-populated\">\n\t\t\t\t\t\t<div class=\"elementor-element elementor-element-49b3218 elementor-widget elementor-widget-text-editor\" data-id=\"49b3218\" data-element_type=\"widget\" data-e-type=\"widget\" data-widget_type=\"text-editor.default\">\n\t\t\t\t<div class=\"elementor-widget-container\">\n\t\t\t\t\t\t\t\t\t<p><strong>Tische \/ Blumentr\u00f6ge nach Benutzung der Boards 5+6 <br \/><\/strong>bitte zuk\u00fcnftig nach folgenden Regeln aufr\u00e4umen \/ platzieren:<\/p>\t\t\t\t\t\t\t\t<\/div>\n\t\t\t\t<\/div>\n\t\t\t\t\t<\/div>\n\t\t<\/div>\n\t\t\t\t\t<\/div>\n\t\t<\/section>\n\t\t\t\t<section class=\"elementor-section elementor-top-section elementor-element elementor-element-b0f9234 elementor-section-boxed elementor-section-height-default elementor-section-height-default\" data-id=\"b0f9234\" data-element_type=\"section\" data-e-type=\"section\">\n\t\t\t\t\t\t<div class=\"elementor-container elementor-column-gap-default\">\n\t\t\t\t\t<div class=\"elementor-column elementor-col-100 elementor-top-column elementor-element elementor-element-5b98884\" data-id=\"5b98884\" data-element_type=\"column\" data-e-type=\"column\">\n\t\t\t<div class=\"elementor-widget-wrap elementor-element-populated\">\n\t\t\t\t\t\t<div class=\"elementor-element elementor-element-15a81de elementor-widget elementor-widget-image\" data-id=\"15a81de\" data-element_type=\"widget\" data-e-type=\"widget\" data-widget_type=\"image.default\">\n\t\t\t\t<div class=\"elementor-widget-container\">\n\t\t\t\t\t\t\t\t\t\t\t\t\t\t\t<img fetchpriority=\"high\" decoding=\"async\" width=\"1024\" height=\"454\" src=\"https:\/\/www.aaadarters.ch\/wp-content\/uploads\/2024\/04\/Lageplan_Troege_Tische_Board-5-6-1024x454.png\" class=\"attachment-large size-large wp-image-4270\" alt=\"\" srcset=\"https:\/\/www.aaadarters.ch\/wp-content\/uploads\/2024\/04\/Lageplan_Troege_Tische_Board-5-6-1024x454.png 1024w, https:\/\/www.aaadarters.ch\/wp-content\/uploads\/2024\/04\/Lageplan_Troege_Tische_Board-5-6-300x133.png 300w, https:\/\/www.aaadarters.ch\/wp-content\/uploads\/2024\/04\/Lageplan_Troege_Tische_Board-5-6-768x341.png 768w, https:\/\/www.aaadarters.ch\/wp-content\/uploads\/2024\/04\/Lageplan_Troege_Tische_Board-5-6.png 1351w\" sizes=\"(max-width: 1024px) 100vw, 1024px\" \/>\t\t\t\t\t\t\t\t\t\t\t\t\t\t\t<\/div>\n\t\t\t\t<\/div>\n\t\t\t\t\t<\/div>\n\t\t<\/div>\n\t\t\t\t\t<\/div>\n\t\t<\/section>\n\t\t\t\t<section class=\"elementor-section elementor-top-section elementor-element elementor-element-1c76003 elementor-section-boxed elementor-section-height-default elementor-section-height-default\" data-id=\"1c76003\" data-element_type=\"section\" data-e-type=\"section\">\n\t\t\t\t\t\t<div class=\"elementor-container elementor-column-gap-default\">\n\t\t\t\t\t<div class=\"elementor-column elementor-col-100 elementor-top-column elementor-element elementor-element-8798906\" data-id=\"8798906\" data-element_type=\"column\" data-e-type=\"column\">\n\t\t\t<div class=\"elementor-widget-wrap\">\n\t\t\t\t\t\t\t<\/div>\n\t\t<\/div>\n\t\t\t\t\t<\/div>\n\t\t<\/section>\n\t\t\t\t<\/div>\n\t\t","protected":false},"excerpt":{"rendered":"<p>Tische \/ Blumentr\u00f6ge nach Benutzung der Boards 5+6 bitte zuk\u00fcnftig nach folgenden Regeln aufr\u00e4umen \/ platzieren:<\/p>\n","protected":false},"author":58,"featured_media":0,"parent":0,"menu_order":0,"comment_status":"closed","ping_status":"closed","template":"","meta":{"footnotes":""},"class_list":["post-4271","page","type-page","status-publish","hentry"],"blocksy_meta":[],"yoast_head":"<!-- This site is optimized with the Yoast SEO plugin v27.4 - https:\/\/yoast.com\/product\/yoast-seo-wordpress\/ -->\n<title>Bar Break spezifisches - Triple-A Darters<\/title>\n<meta name=\"robots\" content=\"index, follow, max-snippet:-1, max-image-preview:large, max-video-preview:-1\" \/>\n<link rel=\"canonical\" href=\"https:\/\/www.aaadarters.ch\/index.php\/bar-break-spezifisches\/\" \/>\n<meta property=\"og:locale\" content=\"de_DE\" \/>\n<meta property=\"og:type\" content=\"article\" \/>\n<meta property=\"og:title\" content=\"Bar Break spezifisches - Triple-A Darters\" \/>\n<meta property=\"og:description\" content=\"Tische \/ Blumentr\u00f6ge nach Benutzung der Boards 5+6 bitte zuk\u00fcnftig nach folgenden Regeln aufr\u00e4umen \/ platzieren:\" \/>\n<meta property=\"og:url\" content=\"https:\/\/www.aaadarters.ch\/index.php\/bar-break-spezifisches\/\" \/>\n<meta property=\"og:site_name\" content=\"Triple-A Darters\" \/>\n<meta property=\"article:modified_time\" content=\"2024-04-21T10:47:07+00:00\" \/>\n<meta property=\"og:image\" content=\"https:\/\/www.aaadarters.ch\/wp-content\/uploads\/2024\/04\/Lageplan_Troege_Tische_Board-5-6-1024x454.png\" \/>\n<meta name=\"twitter:card\" content=\"summary_large_image\" \/>\n<meta name=\"twitter:label1\" content=\"Gesch\u00e4tzte Lesezeit\" \/>\n\t<meta name=\"twitter:data1\" content=\"1\u00a0Minute\" \/>\n<script type=\"application\/ld+json\" class=\"yoast-schema-graph\">{\"@context\":\"https:\\\/\\\/schema.org\",\"@graph\":[{\"@type\":\"WebPage\",\"@id\":\"https:\\\/\\\/www.aaadarters.ch\\\/index.php\\\/bar-break-spezifisches\\\/\",\"url\":\"https:\\\/\\\/www.aaadarters.ch\\\/index.php\\\/bar-break-spezifisches\\\/\",\"name\":\"Bar Break spezifisches - Triple-A Darters\",\"isPartOf\":{\"@id\":\"https:\\\/\\\/www.aaadarters.ch\\\/#website\"},\"primaryImageOfPage\":{\"@id\":\"https:\\\/\\\/www.aaadarters.ch\\\/index.php\\\/bar-break-spezifisches\\\/#primaryimage\"},\"image\":{\"@id\":\"https:\\\/\\\/www.aaadarters.ch\\\/index.php\\\/bar-break-spezifisches\\\/#primaryimage\"},\"thumbnailUrl\":\"https:\\\/\\\/www.aaadarters.ch\\\/wp-content\\\/uploads\\\/2024\\\/04\\\/Lageplan_Troege_Tische_Board-5-6-1024x454.png\",\"datePublished\":\"2024-04-21T10:20:40+00:00\",\"dateModified\":\"2024-04-21T10:47:07+00:00\",\"breadcrumb\":{\"@id\":\"https:\\\/\\\/www.aaadarters.ch\\\/index.php\\\/bar-break-spezifisches\\\/#breadcrumb\"},\"inLanguage\":\"de\",\"potentialAction\":[{\"@type\":\"ReadAction\",\"target\":[\"https:\\\/\\\/www.aaadarters.ch\\\/index.php\\\/bar-break-spezifisches\\\/\"]}]},{\"@type\":\"ImageObject\",\"inLanguage\":\"de\",\"@id\":\"https:\\\/\\\/www.aaadarters.ch\\\/index.php\\\/bar-break-spezifisches\\\/#primaryimage\",\"url\":\"https:\\\/\\\/www.aaadarters.ch\\\/wp-content\\\/uploads\\\/2024\\\/04\\\/Lageplan_Troege_Tische_Board-5-6.png\",\"contentUrl\":\"https:\\\/\\\/www.aaadarters.ch\\\/wp-content\\\/uploads\\\/2024\\\/04\\\/Lageplan_Troege_Tische_Board-5-6.png\",\"width\":1351,\"height\":599},{\"@type\":\"BreadcrumbList\",\"@id\":\"https:\\\/\\\/www.aaadarters.ch\\\/index.php\\\/bar-break-spezifisches\\\/#breadcrumb\",\"itemListElement\":[{\"@type\":\"ListItem\",\"position\":1,\"name\":\"Startseite\",\"item\":\"https:\\\/\\\/www.aaadarters.ch\\\/\"},{\"@type\":\"ListItem\",\"position\":2,\"name\":\"Bar Break spezifisches\"}]},{\"@type\":\"WebSite\",\"@id\":\"https:\\\/\\\/www.aaadarters.ch\\\/#website\",\"url\":\"https:\\\/\\\/www.aaadarters.ch\\\/\",\"name\":\"Triple-A Darters\",\"description\":\"Alles \u00fcber unseren Steeldarts-Club\",\"publisher\":{\"@id\":\"https:\\\/\\\/www.aaadarters.ch\\\/#organization\"},\"potentialAction\":[{\"@type\":\"SearchAction\",\"target\":{\"@type\":\"EntryPoint\",\"urlTemplate\":\"https:\\\/\\\/www.aaadarters.ch\\\/?s={search_term_string}\"},\"query-input\":{\"@type\":\"PropertyValueSpecification\",\"valueRequired\":true,\"valueName\":\"search_term_string\"}}],\"inLanguage\":\"de\"},{\"@type\":\"Organization\",\"@id\":\"https:\\\/\\\/www.aaadarters.ch\\\/#organization\",\"name\":\"Dartsclub Triple-A Darters Affoltern am Albis\",\"url\":\"https:\\\/\\\/www.aaadarters.ch\\\/\",\"logo\":{\"@type\":\"ImageObject\",\"inLanguage\":\"de\",\"@id\":\"https:\\\/\\\/www.aaadarters.ch\\\/#\\\/schema\\\/logo\\\/image\\\/\",\"url\":\"https:\\\/\\\/www.aaadarters.ch\\\/wp-content\\\/uploads\\\/2025\\\/11\\\/Logo_AAADarters_kreis_transp.png\",\"contentUrl\":\"https:\\\/\\\/www.aaadarters.ch\\\/wp-content\\\/uploads\\\/2025\\\/11\\\/Logo_AAADarters_kreis_transp.png\",\"width\":613,\"height\":612,\"caption\":\"Dartsclub Triple-A Darters Affoltern am Albis\"},\"image\":{\"@id\":\"https:\\\/\\\/www.aaadarters.ch\\\/#\\\/schema\\\/logo\\\/image\\\/\"}}]}<\/script>\n<!-- \/ Yoast SEO plugin. -->","yoast_head_json":{"title":"Bar Break spezifisches - Triple-A Darters","robots":{"index":"index","follow":"follow","max-snippet":"max-snippet:-1","max-image-preview":"max-image-preview:large","max-video-preview":"max-video-preview:-1"},"canonical":"https:\/\/www.aaadarters.ch\/index.php\/bar-break-spezifisches\/","og_locale":"de_DE","og_type":"article","og_title":"Bar Break spezifisches - Triple-A Darters","og_description":"Tische \/ Blumentr\u00f6ge nach Benutzung der Boards 5+6 bitte zuk\u00fcnftig nach folgenden Regeln aufr\u00e4umen \/ platzieren:","og_url":"https:\/\/www.aaadarters.ch\/index.php\/bar-break-spezifisches\/","og_site_name":"Triple-A Darters","article_modified_time":"2024-04-21T10:47:07+00:00","og_image":[{"url":"https:\/\/www.aaadarters.ch\/wp-content\/uploads\/2024\/04\/Lageplan_Troege_Tische_Board-5-6-1024x454.png","type":"","width":"","height":""}],"twitter_card":"summary_large_image","twitter_misc":{"Gesch\u00e4tzte Lesezeit":"1\u00a0Minute"},"schema":{"@context":"https:\/\/schema.org","@graph":[{"@type":"WebPage","@id":"https:\/\/www.aaadarters.ch\/index.php\/bar-break-spezifisches\/","url":"https:\/\/www.aaadarters.ch\/index.php\/bar-break-spezifisches\/","name":"Bar Break spezifisches - Triple-A Darters","isPartOf":{"@id":"https:\/\/www.aaadarters.ch\/#website"},"primaryImageOfPage":{"@id":"https:\/\/www.aaadarters.ch\/index.php\/bar-break-spezifisches\/#primaryimage"},"image":{"@id":"https:\/\/www.aaadarters.ch\/index.php\/bar-break-spezifisches\/#primaryimage"},"thumbnailUrl":"https:\/\/www.aaadarters.ch\/wp-content\/uploads\/2024\/04\/Lageplan_Troege_Tische_Board-5-6-1024x454.png","datePublished":"2024-04-21T10:20:40+00:00","dateModified":"2024-04-21T10:47:07+00:00","breadcrumb":{"@id":"https:\/\/www.aaadarters.ch\/index.php\/bar-break-spezifisches\/#breadcrumb"},"inLanguage":"de","potentialAction":[{"@type":"ReadAction","target":["https:\/\/www.aaadarters.ch\/index.php\/bar-break-spezifisches\/"]}]},{"@type":"ImageObject","inLanguage":"de","@id":"https:\/\/www.aaadarters.ch\/index.php\/bar-break-spezifisches\/#primaryimage","url":"https:\/\/www.aaadarters.ch\/wp-content\/uploads\/2024\/04\/Lageplan_Troege_Tische_Board-5-6.png","contentUrl":"https:\/\/www.aaadarters.ch\/wp-content\/uploads\/2024\/04\/Lageplan_Troege_Tische_Board-5-6.png","width":1351,"height":599},{"@type":"BreadcrumbList","@id":"https:\/\/www.aaadarters.ch\/index.php\/bar-break-spezifisches\/#breadcrumb","itemListElement":[{"@type":"ListItem","position":1,"name":"Startseite","item":"https:\/\/www.aaadarters.ch\/"},{"@type":"ListItem","position":2,"name":"Bar Break spezifisches"}]},{"@type":"WebSite","@id":"https:\/\/www.aaadarters.ch\/#website","url":"https:\/\/www.aaadarters.ch\/","name":"Triple-A Darters","description":"Alles \u00fcber unseren Steeldarts-Club","publisher":{"@id":"https:\/\/www.aaadarters.ch\/#organization"},"potentialAction":[{"@type":"SearchAction","target":{"@type":"EntryPoint","urlTemplate":"https:\/\/www.aaadarters.ch\/?s={search_term_string}"},"query-input":{"@type":"PropertyValueSpecification","valueRequired":true,"valueName":"search_term_string"}}],"inLanguage":"de"},{"@type":"Organization","@id":"https:\/\/www.aaadarters.ch\/#organization","name":"Dartsclub Triple-A Darters Affoltern am Albis","url":"https:\/\/www.aaadarters.ch\/","logo":{"@type":"ImageObject","inLanguage":"de","@id":"https:\/\/www.aaadarters.ch\/#\/schema\/logo\/image\/","url":"https:\/\/www.aaadarters.ch\/wp-content\/uploads\/2025\/11\/Logo_AAADarters_kreis_transp.png","contentUrl":"https:\/\/www.aaadarters.ch\/wp-content\/uploads\/2025\/11\/Logo_AAADarters_kreis_transp.png","width":613,"height":612,"caption":"Dartsclub Triple-A Darters Affoltern am Albis"},"image":{"@id":"https:\/\/www.aaadarters.ch\/#\/schema\/logo\/image\/"}}]}},"_links":{"self":[{"href":"https:\/\/www.aaadarters.ch\/index.php\/wp-json\/wp\/v2\/pages\/4271","targetHints":{"allow":["GET"]}}],"collection":[{"href":"https:\/\/www.aaadarters.ch\/index.php\/wp-json\/wp\/v2\/pages"}],"about":[{"href":"https:\/\/www.aaadarters.ch\/index.php\/wp-json\/wp\/v2\/types\/page"}],"author":[{"embeddable":true,"href":"https:\/\/www.aaadarters.ch\/index.php\/wp-json\/wp\/v2\/users\/58"}],"replies":[{"embeddable":true,"href":"https:\/\/www.aaadarters.ch\/index.php\/wp-json\/wp\/v2\/comments?post=4271"}],"version-history":[{"count":13,"href":"https:\/\/www.aaadarters.ch\/index.php\/wp-json\/wp\/v2\/pages\/4271\/revisions"}],"predecessor-version":[{"id":4294,"href":"https:\/\/www.aaadarters.ch\/index.php\/wp-json\/wp\/v2\/pages\/4271\/revisions\/4294"}],"wp:attachment":[{"href":"https:\/\/www.aaadarters.ch\/index.php\/wp-json\/wp\/v2\/media?parent=4271"}],"curies":[{"name":"wp","href":"https:\/\/api.w.org\/{rel}","templated":true}]}}